{"id":3232,"date":"2020-12-03T07:45:18","date_gmt":"2020-12-03T07:45:18","guid":{"rendered":"https:\/\/oio-vivo.com\/datenschutz-bestimmungen\/"},"modified":"2023-11-16T09:07:21","modified_gmt":"2023-11-16T08:07:21","slug":"datenschutz-bestimmungen","status":"publish","type":"page","link":"https:\/\/oio-vivo.com\/de\/datenschutz-bestimmungen\/","title":{"rendered":"Datenschutz-Bestimmungen"},"content":{"rendered":"\t\t<div data-elementor-type=\"wp-page\" data-elementor-id=\"3232\" class=\"elementor elementor-3232 elementor-1286\" data-elementor-post-type=\"page\">\n\t\t\t\t\t\t<section class=\"elementor-section elementor-top-section elementor-element elementor-element-4932264 elementor-section-boxed elementor-section-height-default elementor-section-height-default\" data-id=\"4932264\" data-element_type=\"section\" data-e-type=\"section\">\n\t\t\t\t\t\t<div class=\"elementor-container elementor-column-gap-default\">\n\t\t\t\t\t<div class=\"elementor-column elementor-col-100 elementor-top-column elementor-element elementor-element-0151f91\" data-id=\"0151f91\" data-element_type=\"column\" data-e-type=\"column\">\n\t\t\t<div class=\"elementor-widget-wrap elementor-element-populated\">\n\t\t\t\t\t\t<div class=\"elementor-element elementor-element-0f58a88 elementor-widget elementor-widget-heading\" data-id=\"0f58a88\" data-element_type=\"widget\" data-e-type=\"widget\" data-widget_type=\"heading.default\">\n\t\t\t\t<div class=\"elementor-widget-container\">\n\t\t\t\t\t<h1 class=\"elementor-heading-title elementor-size-default\">Datenschutz-Bestimmungen<\/h1>\t\t\t\t<\/div>\n\t\t\t\t<\/div>\n\t\t\t\t\t<\/div>\n\t\t<\/div>\n\t\t\t\t\t<\/div>\n\t\t<\/section>\n\t\t\t\t<section class=\"elementor-section elementor-top-section elementor-element elementor-element-5ee06bfc elementor-section-boxed elementor-section-height-default elementor-section-height-default\" data-id=\"5ee06bfc\" data-element_type=\"section\" data-e-type=\"section\">\n\t\t\t\t\t\t<div class=\"elementor-container elementor-column-gap-default\">\n\t\t\t\t\t<div class=\"elementor-column elementor-col-100 elementor-top-column elementor-element elementor-element-70f6c6dd\" data-id=\"70f6c6dd\" data-element_type=\"column\" data-e-type=\"column\">\n\t\t\t<div class=\"elementor-widget-wrap elementor-element-populated\">\n\t\t\t\t\t\t<div class=\"elementor-element elementor-element-e5ea9b7 elementor-widget elementor-widget-text-editor\" data-id=\"e5ea9b7\" data-element_type=\"widget\" data-e-type=\"widget\" data-widget_type=\"text-editor.default\">\n\t\t\t\t<div class=\"elementor-widget-container\">\n\t\t\t\t\t\t\t\t\t<span style=\"font-weight: 400;\">Die Oio Vivo-Website (im Folgenden: Oio Vivo) soll potenzielle Benutzer \u00fcber die von Oio Vivo bereitgestellten Dienste und \u00fcber die Nutzung der Anwendungsl\u00f6sung in Form einer Anwendung als Dienst im Internet (<\/span><i><span style=\"font-weight: 400;\">im Englischen: Software as a Service, SaaS<\/span><\/i><span style=\"font-weight: 400;\">) informieren. In unseren Beziehungen zu Kunden, im Falle der Kontaktaufnahme von Besuchern mit Oio Vivo, sammeln wir die Daten, die f\u00fcr die weitere Kommunikation erforderlich sind. Wir gehen verantwortungsbewusst mit den erhobenen Daten um, um die Daten und die Privatsph\u00e4re zu sch\u00fctzen.<\/span>\r\n\r\n<b>Kontaktformular<\/b>\r\n\r\n<span style=\"font-weight: 400;\">F\u00fcr die Bed\u00fcrfnisse allgemeiner Kontakte, Fragen und Informationsanfragen steht den Besuchern der Website auf der Kontaktseite ein Kontaktformular zur Verf\u00fcgung. Durch das Senden des ausgef\u00fcllten Kontaktformulars sammeln wir folgende Informationen:\u00a0<\/span>\r\n<ul>\r\n \t<li style=\"font-weight: 400;\"><span style=\"font-weight: 400;\">Vor- und Nachname,<\/span><\/li>\r\n \t<li style=\"font-weight: 400;\"><span style=\"font-weight: 400;\">Telefonnummer,<\/span><\/li>\r\n \t<li style=\"font-weight: 400;\"><span style=\"font-weight: 400;\">E-Mail-Adresse,<\/span><\/li>\r\n \t<li style=\"font-weight: 400;\"><span style=\"font-weight: 400;\">Nachricht,<\/span><\/li>\r\n \t<li style=\"font-weight: 400;\"><span style=\"font-weight: 400;\">Zustimmung zur Speicherung und Verarbeitung von Daten,<\/span><\/li>\r\n \t<li style=\"font-weight: 400;\"><span style=\"font-weight: 400;\">Zustimmung zum Erhalt von Angeboten und Werbeaktionen.<\/span><\/li>\r\n<\/ul>\r\n<span style=\"font-weight: 400;\">Der Website-Besucher kann jederzeit die L\u00f6schung der gesendeten Nachricht auf folgende Weise beantragen:<\/span>\r\n<ul>\r\n \t<li style=\"font-weight: 400;\"><span style=\"font-weight: 400;\">durch das Senden einer E-Mail an die E-Mail-Adresse info@oleum-maris.com,<\/span><\/li>\r\n \t<li style=\"font-weight: 400;\"><span style=\"font-weight: 400;\">in geschriebener Form, durch das Senden einer Nachricht an die Adresse des Unternehmens, das die Website verwaltet.<\/span><\/li>\r\n<\/ul>\r\n<b>Cookies<\/b>\r\n\r\n<span style=\"font-weight: 400;\">Die Oio Vivo-Website verwendet wie alle modernen Websites Cookies. Cookies<\/span> <span style=\"font-weight: 400;\">sind sehr kleine Daten, die eine Website auf dem Computer oder Mobilger\u00e4t eines Besuchers speichert. Cookies erm\u00f6glichen es einer Website, bestimmte Besucheraktivit\u00e4ten zu memorieren. Alle modernen Webbrowser (z. B. Google Chrome, Internet Explorer, Firefox, Safari) erlauben die Verwendung von Cookies, und der Benutzer kann diese jederzeit in den Webbrowser-Einstellungen l\u00f6schen und \/ oder ein Speicherverbot festlegen. Die h\u00e4ufigsten Gr\u00fcnde f\u00fcr die Verwendung von Cookies sind: Identifizierung von Besuchern, Erinnerung an Benutzeraktivit\u00e4ten, Beschleunigung der Eingabe von Informationen, Sammeln von Daten f\u00fcr Analysen (<\/span><i><span style=\"font-weight: 400;\">Google Analitycs<\/span><\/i><span style=\"font-weight: 400;\">) und Werbekampagnen (<\/span><i><span style=\"font-weight: 400;\">Google Ads<\/span><\/i><span style=\"font-weight: 400;\">). Wenn Sie ein Cookie-Verbot festlegen, k\u00f6nnen Sie m\u00f6glicherweise einige der Funktionen auf der Website nicht nutzen.<\/span>\r\n\r\n<b>Andere Websites<\/b>\r\n\r\n<span style=\"font-weight: 400;\">Die Oio Vivo-Website enth\u00e4lt Links zu anderen Websites. Oio Vivo hat keinen Einfluss oder keine Kontrolle \u00fcber diese Websites und wir sind nicht f\u00fcr den Schutz der Privatsph\u00e4re und der Sicherheit auf diesen Websites verantwortlich.<\/span>\r\n\r\n<b>Gesetzliche Verpflichtungen und Schutz der Rechte<\/b>\r\n\r\n<span style=\"font-weight: 400;\">Wir werden keine Besucherdaten an Dritte weitergeben, au\u00dfer in den folgenden F\u00e4llen:<\/span>\r\n<ul>\r\n \t<li style=\"font-weight: 400;\"><span style=\"font-weight: 400;\">wenn Sie dazu Ihre Zustimmung erteilen,<\/span><\/li>\r\n \t<li style=\"font-weight: 400;\"><span style=\"font-weight: 400;\">wenn wir eine gesetzliche Verpflichtung erf\u00fcllen m\u00fcssen,<\/span><\/li>\r\n \t<li style=\"font-weight: 400;\"><span style=\"font-weight: 400;\">zum Schutz der Rechte und der Sicherheit der Oio Vivo-Site.<\/span><\/li>\r\n<\/ul>\r\n<b>Datenzugriff und Ihre Rechte<\/b>\r\n\r\n<span style=\"font-weight: 400;\">Nur autorisierte Personen der Oio Vivo-Site haben Zugriff auf die Daten. Sie haben das Recht:<\/span>\r\n<ul>\r\n \t<li style=\"font-weight: 400;\"><span style=\"font-weight: 400;\">Informationen dar\u00fcber zu erhalten, welche Daten von Ihnen und zu welchem \u200b\u200bZweck verarbeitet werden,<\/span><\/li>\r\n \t<li style=\"font-weight: 400;\"><span style=\"font-weight: 400;\">die Erg\u00e4nzung und Berichtigung von Daten anzufordern,<\/span><\/li>\r\n \t<li style=\"font-weight: 400;\"><span style=\"font-weight: 400;\">die L\u00f6schung von Daten zu beantragen,<\/span><\/li>\r\n \t<li style=\"font-weight: 400;\"><span style=\"font-weight: 400;\">eine Einschr\u00e4nkung der Datenverarbeitung zu beantragen,<\/span><\/li>\r\n \t<li style=\"font-weight: 400;\"><span style=\"font-weight: 400;\">einen Einspruch in Bezug auf die Datenverarbeitung einzulegen.<\/span><\/li>\r\n<\/ul>\r\n<span style=\"font-weight: 400;\">F\u00fcr alle Informationen zu dieser Datenschutzrichtlinie und Ihren Rechten sowie zur Aus\u00fcbung Ihrer Rechte wenden Sie sich bitte an:<\/span>\r\n<ul>\r\n \t<li style=\"font-weight: 400;\"><span style=\"font-weight: 400;\">durch das Senden einer E-Mail an die E-Mail-Adresse info@oleum-maris.com,<\/span><\/li>\r\n \t<li style=\"font-weight: 400;\"><span style=\"font-weight: 400;\">in geschriebener Form, durch das Senden einer Nachricht an die Adresse des Unternehmens, das die Website verwaltet.<\/span><\/li>\r\n<\/ul>\r\n<b>Seitenverwaltung<\/b>\r\n\r\n<span style=\"font-weight: 400;\">Die Oio Vivo-Website unter der Adresse oio-vivo.com wird verwaltet von:<\/span>\r\n<ul>\r\n \t<li style=\"font-weight: 400;\"><span style=\"font-weight: 400;\">Oluem Maris d.o.o.<\/span><\/li>\r\n \t<li style=\"font-weight: 400;\"><span style=\"font-weight: 400;\">Puljska cesta 200<\/span><\/li>\r\n \t<li style=\"font-weight: 400;\"><span style=\"font-weight: 400;\">52216 Gali\u017eana \u2013 Gallesano<\/span><\/li>\r\n \t<li style=\"font-weight: 400;\"><span style=\"font-weight: 400;\">info@oleum-maris.hr<\/span><\/li>\r\n \t<li style=\"font-weight: 400;\"><span style=\"font-weight: 400;\">Personenidentifikationsnummer (OIB): 99777597804<\/span><\/li>\r\n<\/ul>\t\t\t\t\t\t\t\t<\/div>\n\t\t\t\t<\/div>\n\t\t\t\t\t<\/div>\n\t\t<\/div>\n\t\t\t\t\t<\/div>\n\t\t<\/section>\n\t\t\t\t<\/div>\n\t\t","protected":false},"excerpt":{"rendered":"<p>Datenschutz-Bestimmungen Die Oio Vivo-Website (im Folgenden: Oio Vivo) soll potenzielle Benutzer \u00fcber die von Oio Vivo bereitgestellten Dienste und \u00fcber die Nutzung der Anwendungsl\u00f6sung in Form einer Anwendung als Dienst im Internet (im Englischen: Software as a Service, SaaS) informieren. In unseren Beziehungen zu Kunden, im Falle der Kontaktaufnahme von Besuchern mit Oio Vivo, sammeln [&hellip;]<\/p>\n","protected":false},"author":4,"featured_media":0,"parent":0,"menu_order":0,"comment_status":"closed","ping_status":"closed","template":"elementor_header_footer","meta":{"footnotes":""},"class_list":["post-3232","page","type-page","status-publish","hentry"],"yoast_head":"<!-- This site is optimized with the Yoast SEO plugin v27.3 - https:\/\/yoast.com\/product\/yoast-seo-wordpress\/ -->\n<title>Datenschutz-Bestimmungen - Oio Vivo<\/title>\n<meta name=\"robots\" content=\"index, follow, max-snippet:-1, max-image-preview:large, max-video-preview:-1\" \/>\n<link rel=\"canonical\" href=\"https:\/\/oio-vivo.com\/politika-privatnosti\/\" \/>\n<meta property=\"og:locale\" content=\"de_DE\" \/>\n<meta property=\"og:type\" content=\"article\" \/>\n<meta property=\"og:title\" content=\"Datenschutz-Bestimmungen - Oio Vivo\" \/>\n<meta property=\"og:description\" content=\"Datenschutz-Bestimmungen Die Oio Vivo-Website (im Folgenden: Oio Vivo) soll potenzielle Benutzer \u00fcber die von Oio Vivo bereitgestellten Dienste und \u00fcber die Nutzung der Anwendungsl\u00f6sung in Form einer Anwendung als Dienst im Internet (im Englischen: Software as a Service, SaaS) informieren. In unseren Beziehungen zu Kunden, im Falle der Kontaktaufnahme von Besuchern mit Oio Vivo, sammeln [&hellip;]\" \/>\n<meta property=\"og:url\" content=\"https:\/\/oio-vivo.com\/politika-privatnosti\/\" \/>\n<meta property=\"og:site_name\" content=\"Oio Vivo\" \/>\n<meta property=\"article:modified_time\" content=\"2023-11-16T08:07:21+00:00\" \/>\n<meta name=\"twitter:card\" content=\"summary_large_image\" \/>\n<meta name=\"twitter:label1\" content=\"Gesch\u00e4tzte Lesezeit\" \/>\n\t<meta name=\"twitter:data1\" content=\"3\u00a0Minuten\" \/>\n<script type=\"application\/ld+json\" class=\"yoast-schema-graph\">{\"@context\":\"https:\\\/\\\/schema.org\",\"@graph\":[{\"@type\":\"WebPage\",\"@id\":\"https:\\\/\\\/oio-vivo.com\\\/politika-privatnosti\\\/\",\"url\":\"https:\\\/\\\/oio-vivo.com\\\/politika-privatnosti\\\/\",\"name\":\"Datenschutz-Bestimmungen - Oio Vivo\",\"isPartOf\":{\"@id\":\"https:\\\/\\\/oio-vivo.com\\\/#website\"},\"datePublished\":\"2020-12-03T07:45:18+00:00\",\"dateModified\":\"2023-11-16T08:07:21+00:00\",\"breadcrumb\":{\"@id\":\"https:\\\/\\\/oio-vivo.com\\\/politika-privatnosti\\\/#breadcrumb\"},\"inLanguage\":\"de\",\"potentialAction\":[{\"@type\":\"ReadAction\",\"target\":[\"https:\\\/\\\/oio-vivo.com\\\/politika-privatnosti\\\/\"]}]},{\"@type\":\"BreadcrumbList\",\"@id\":\"https:\\\/\\\/oio-vivo.com\\\/politika-privatnosti\\\/#breadcrumb\",\"itemListElement\":[{\"@type\":\"ListItem\",\"position\":1,\"name\":\"Po\u010detna stranica\",\"item\":\"https:\\\/\\\/oio-vivo.com\\\/de\\\/\"},{\"@type\":\"ListItem\",\"position\":2,\"name\":\"Datenschutz-Bestimmungen\"}]},{\"@type\":\"WebSite\",\"@id\":\"https:\\\/\\\/oio-vivo.com\\\/#website\",\"url\":\"https:\\\/\\\/oio-vivo.com\\\/\",\"name\":\"Oio Vivo\",\"description\":\"\",\"publisher\":{\"@id\":\"https:\\\/\\\/oio-vivo.com\\\/#organization\"},\"potentialAction\":[{\"@type\":\"SearchAction\",\"target\":{\"@type\":\"EntryPoint\",\"urlTemplate\":\"https:\\\/\\\/oio-vivo.com\\\/?s={search_term_string}\"},\"query-input\":{\"@type\":\"PropertyValueSpecification\",\"valueRequired\":true,\"valueName\":\"search_term_string\"}}],\"inLanguage\":\"de\"},{\"@type\":\"Organization\",\"@id\":\"https:\\\/\\\/oio-vivo.com\\\/#organization\",\"name\":\"Oio Vivo\",\"url\":\"https:\\\/\\\/oio-vivo.com\\\/\",\"logo\":{\"@type\":\"ImageObject\",\"inLanguage\":\"de\",\"@id\":\"https:\\\/\\\/oio-vivo.com\\\/#\\\/schema\\\/logo\\\/image\\\/\",\"url\":\"https:\\\/\\\/i0.wp.com\\\/oio-vivo.com\\\/wp-content\\\/uploads\\\/2020\\\/10\\\/logo.png?fit=185%2C58&ssl=1\",\"contentUrl\":\"https:\\\/\\\/i0.wp.com\\\/oio-vivo.com\\\/wp-content\\\/uploads\\\/2020\\\/10\\\/logo.png?fit=185%2C58&ssl=1\",\"width\":185,\"height\":58,\"caption\":\"Oio Vivo\"},\"image\":{\"@id\":\"https:\\\/\\\/oio-vivo.com\\\/#\\\/schema\\\/logo\\\/image\\\/\"}}]}<\/script>\n<!-- \/ Yoast SEO plugin. -->","yoast_head_json":{"title":"Datenschutz-Bestimmungen - Oio Vivo","robots":{"index":"index","follow":"follow","max-snippet":"max-snippet:-1","max-image-preview":"max-image-preview:large","max-video-preview":"max-video-preview:-1"},"canonical":"https:\/\/oio-vivo.com\/politika-privatnosti\/","og_locale":"de_DE","og_type":"article","og_title":"Datenschutz-Bestimmungen - Oio Vivo","og_description":"Datenschutz-Bestimmungen Die Oio Vivo-Website (im Folgenden: Oio Vivo) soll potenzielle Benutzer \u00fcber die von Oio Vivo bereitgestellten Dienste und \u00fcber die Nutzung der Anwendungsl\u00f6sung in Form einer Anwendung als Dienst im Internet (im Englischen: Software as a Service, SaaS) informieren. In unseren Beziehungen zu Kunden, im Falle der Kontaktaufnahme von Besuchern mit Oio Vivo, sammeln [&hellip;]","og_url":"https:\/\/oio-vivo.com\/politika-privatnosti\/","og_site_name":"Oio Vivo","article_modified_time":"2023-11-16T08:07:21+00:00","twitter_card":"summary_large_image","twitter_misc":{"Gesch\u00e4tzte Lesezeit":"3\u00a0Minuten"},"schema":{"@context":"https:\/\/schema.org","@graph":[{"@type":"WebPage","@id":"https:\/\/oio-vivo.com\/politika-privatnosti\/","url":"https:\/\/oio-vivo.com\/politika-privatnosti\/","name":"Datenschutz-Bestimmungen - Oio Vivo","isPartOf":{"@id":"https:\/\/oio-vivo.com\/#website"},"datePublished":"2020-12-03T07:45:18+00:00","dateModified":"2023-11-16T08:07:21+00:00","breadcrumb":{"@id":"https:\/\/oio-vivo.com\/politika-privatnosti\/#breadcrumb"},"inLanguage":"de","potentialAction":[{"@type":"ReadAction","target":["https:\/\/oio-vivo.com\/politika-privatnosti\/"]}]},{"@type":"BreadcrumbList","@id":"https:\/\/oio-vivo.com\/politika-privatnosti\/#breadcrumb","itemListElement":[{"@type":"ListItem","position":1,"name":"Po\u010detna stranica","item":"https:\/\/oio-vivo.com\/de\/"},{"@type":"ListItem","position":2,"name":"Datenschutz-Bestimmungen"}]},{"@type":"WebSite","@id":"https:\/\/oio-vivo.com\/#website","url":"https:\/\/oio-vivo.com\/","name":"Oio Vivo","description":"","publisher":{"@id":"https:\/\/oio-vivo.com\/#organization"},"potentialAction":[{"@type":"SearchAction","target":{"@type":"EntryPoint","urlTemplate":"https:\/\/oio-vivo.com\/?s={search_term_string}"},"query-input":{"@type":"PropertyValueSpecification","valueRequired":true,"valueName":"search_term_string"}}],"inLanguage":"de"},{"@type":"Organization","@id":"https:\/\/oio-vivo.com\/#organization","name":"Oio Vivo","url":"https:\/\/oio-vivo.com\/","logo":{"@type":"ImageObject","inLanguage":"de","@id":"https:\/\/oio-vivo.com\/#\/schema\/logo\/image\/","url":"https:\/\/i0.wp.com\/oio-vivo.com\/wp-content\/uploads\/2020\/10\/logo.png?fit=185%2C58&ssl=1","contentUrl":"https:\/\/i0.wp.com\/oio-vivo.com\/wp-content\/uploads\/2020\/10\/logo.png?fit=185%2C58&ssl=1","width":185,"height":58,"caption":"Oio Vivo"},"image":{"@id":"https:\/\/oio-vivo.com\/#\/schema\/logo\/image\/"}}]}},"jetpack_sharing_enabled":true,"_links":{"self":[{"href":"https:\/\/oio-vivo.com\/de\/wp-json\/wp\/v2\/pages\/3232","targetHints":{"allow":["GET"]}}],"collection":[{"href":"https:\/\/oio-vivo.com\/de\/wp-json\/wp\/v2\/pages"}],"about":[{"href":"https:\/\/oio-vivo.com\/de\/wp-json\/wp\/v2\/types\/page"}],"author":[{"embeddable":true,"href":"https:\/\/oio-vivo.com\/de\/wp-json\/wp\/v2\/users\/4"}],"replies":[{"embeddable":true,"href":"https:\/\/oio-vivo.com\/de\/wp-json\/wp\/v2\/comments?post=3232"}],"version-history":[{"count":3,"href":"https:\/\/oio-vivo.com\/de\/wp-json\/wp\/v2\/pages\/3232\/revisions"}],"predecessor-version":[{"id":7774,"href":"https:\/\/oio-vivo.com\/de\/wp-json\/wp\/v2\/pages\/3232\/revisions\/7774"}],"wp:attachment":[{"href":"https:\/\/oio-vivo.com\/de\/wp-json\/wp\/v2\/media?parent=3232"}],"curies":[{"name":"wp","href":"https:\/\/api.w.org\/{rel}","templated":true}]}}