{"id":4585,"date":"2021-02-16T11:55:47","date_gmt":"2021-02-16T11:55:47","guid":{"rendered":"https:\/\/oio-vivo.com\/proizvod\/istarska-bjelica\/"},"modified":"2026-02-16T10:15:59","modified_gmt":"2026-02-16T09:15:59","slug":"istarska-bjelica","status":"publish","type":"product","link":"https:\/\/oio-vivo.com\/de\/produkt\/istarska-bjelica\/","title":{"rendered":"Istarska Bjelica"},"content":{"rendered":"<p>Sorten\u00f6l istrische Bjelica zeichnet sich durch ausgepr\u00e4gte Sch\u00e4rfe und Bitterkeit aus. Dieses extra vergine Oliven\u00f6l von goldgr\u00fcner Farbe, der Duft von frisch gem\u00e4htem Gras und gr\u00fcnen Olivenfr\u00fcchten ist eine Synthese des Geschmacks von gr\u00fcnen Mandeln, Wildspargeln und Rucola. Intensiv fruchtiger Duft nach gr\u00fcnen Olivenfr\u00fcchten und frisch gem\u00e4htem Gras, verwoben mit Noten von Bittermandeln, Wildspargeln, Radicchio, Rucola, gr\u00fcnem Pfeffer und aromatischen Kr\u00e4utern. Das \u00d6l ist Mischung aus einer ausgepr\u00e4gten Bitterkeit, die von kurzer Dauer ist und W\u00fcrze, die einen l\u00e4ngeren Nachgeschmack hat.\n<\/p>\n<p>Farbe: goldgr\u00fcn<\/p>\n<p>Serviervorschlag: Wild, Rucola- und Radicchiosalat mit Trockenfr\u00fcchten und Ziegenk\u00e4se, Thunfisch, Lachs, Mascarpone Cr\u00e8me-Br\u00fbl\u00e9e, Vanille-Zitronen-Lavendelkuchen.<\/p>\n","protected":false},"excerpt":{"rendered":"<p>Sorten\u00f6l istrische Bjelica zeichnet sich durch ausgepr\u00e4gte Sch\u00e4rfe und Bitterkeit aus. Dieses extra vergine Oliven\u00f6l von goldgr\u00fcner Farbe, der Duft von frisch gem\u00e4htem Gras und gr\u00fcnen Olivenfr\u00fcchten ist eine Synthese des Geschmacks von gr\u00fcnen Mandeln, Wildspargeln und Rucola. Intensiv fruchtiger Duft nach gr\u00fcnen Olivenfr\u00fcchten und frisch gem\u00e4htem Gras, verwoben mit Noten von Bittermandeln, Wildspargeln, Radicchio, Rucola, gr\u00fcnem Pfeffer und aromatischen Kr\u00e4utern. Das \u00d6l ist Mischung aus einer ausgepr\u00e4gten Bitterkeit, die von kurzer Dauer ist und W\u00fcrze, die einen l\u00e4ngeren Nachgeschmack hat.<\/p>\n<p>Farbe: goldgr\u00fcn<\/p>\n<p>Serviervorschlag: Wild, Rucola- und Radicchiosalat mit Trockenfr\u00fcchten und Ziegenk\u00e4se, Thunfisch, Lachs, Mascarpone Cr\u00e8me-Br\u00fbl\u00e9e, Vanille-Zitronen-Lavendelkuchen.<\/p>\n","protected":false},"featured_media":10374,"comment_status":"open","ping_status":"closed","template":"","meta":[],"product_brand":[],"product_cat":[49],"product_tag":[],"class_list":{"0":"post-4585","1":"product","2":"type-product","3":"status-publish","4":"has-post-thumbnail","6":"product_cat-ol","8":"first","9":"instock","10":"taxable","11":"shipping-taxable","12":"purchasable","13":"product-type-variable"},"group_of_quantity":0,"min_quantity":0,"max_quantity":"","exclude_order_quantity_value_rules":"no","exclude_category_quantity_rules":"no","combine_variations":"no","yoast_head":"<!-- This site is optimized with the Yoast SEO plugin v27.4 - https:\/\/yoast.com\/product\/yoast-seo-wordpress\/ -->\n<title>Istarska Bjelica - Oio Vivo<\/title>\n<meta name=\"robots\" content=\"index, follow, max-snippet:-1, max-image-preview:large, max-video-preview:-1\" \/>\n<link rel=\"canonical\" href=\"https:\/\/oio-vivo.com\/de\/produkt\/istarska-bjelica\/\" \/>\n<meta property=\"og:locale\" content=\"de_DE\" \/>\n<meta property=\"og:type\" content=\"article\" \/>\n<meta property=\"og:title\" content=\"Istarska Bjelica - Oio Vivo\" \/>\n<meta property=\"og:description\" content=\"Sorten\u00f6l istrische Bjelica zeichnet sich durch ausgepr\u00e4gte Sch\u00e4rfe und Bitterkeit aus. Dieses extra vergine Oliven\u00f6l von goldgr\u00fcner Farbe, der Duft von frisch gem\u00e4htem Gras und gr\u00fcnen Olivenfr\u00fcchten ist eine Synthese des Geschmacks von gr\u00fcnen Mandeln, Wildspargeln und Rucola. Intensiv fruchtiger Duft nach gr\u00fcnen Olivenfr\u00fcchten und frisch gem\u00e4htem Gras, verwoben mit Noten von Bittermandeln, Wildspargeln, Radicchio, Rucola, gr\u00fcnem Pfeffer und aromatischen Kr\u00e4utern. Das \u00d6l ist Mischung aus einer ausgepr\u00e4gten Bitterkeit, die von kurzer Dauer ist und W\u00fcrze, die einen l\u00e4ngeren Nachgeschmack hat.  Farbe: goldgr\u00fcn  Serviervorschlag: Wild, Rucola- und Radicchiosalat mit Trockenfr\u00fcchten und Ziegenk\u00e4se, Thunfisch, Lachs, Mascarpone Cr\u00e8me-Br\u00fbl\u00e9e, Vanille-Zitronen-Lavendelkuchen.\" \/>\n<meta property=\"og:url\" content=\"https:\/\/oio-vivo.com\/de\/produkt\/istarska-bjelica\/\" \/>\n<meta property=\"og:site_name\" content=\"Oio Vivo\" \/>\n<meta property=\"article:modified_time\" content=\"2026-02-16T09:15:59+00:00\" \/>\n<meta property=\"og:image\" content=\"https:\/\/oio-vivo.com\/wp-content\/uploads\/2021\/02\/istarska-bjelica-ws-1.png\" \/>\n\t<meta property=\"og:image:width\" content=\"750\" \/>\n\t<meta property=\"og:image:height\" content=\"1000\" \/>\n\t<meta property=\"og:image:type\" content=\"image\/png\" \/>\n<meta name=\"twitter:card\" content=\"summary_large_image\" \/>\n<meta name=\"twitter:label1\" content=\"Gesch\u00e4tzte Lesezeit\" \/>\n\t<meta name=\"twitter:data1\" content=\"1\u00a0Minute\" \/>\n<script type=\"application\/ld+json\" class=\"yoast-schema-graph\">{\"@context\":\"https:\\\/\\\/schema.org\",\"@graph\":[{\"@type\":\"WebPage\",\"@id\":\"https:\\\/\\\/oio-vivo.com\\\/de\\\/produkt\\\/istarska-bjelica\\\/\",\"url\":\"https:\\\/\\\/oio-vivo.com\\\/de\\\/produkt\\\/istarska-bjelica\\\/\",\"name\":\"Istarska Bjelica - Oio Vivo\",\"isPartOf\":{\"@id\":\"https:\\\/\\\/oio-vivo.com\\\/#website\"},\"primaryImageOfPage\":{\"@id\":\"https:\\\/\\\/oio-vivo.com\\\/de\\\/produkt\\\/istarska-bjelica\\\/#primaryimage\"},\"image\":{\"@id\":\"https:\\\/\\\/oio-vivo.com\\\/de\\\/produkt\\\/istarska-bjelica\\\/#primaryimage\"},\"thumbnailUrl\":\"https:\\\/\\\/i0.wp.com\\\/oio-vivo.com\\\/wp-content\\\/uploads\\\/2021\\\/02\\\/ib-kartica-1.png?fit=433%2C1000&ssl=1\",\"datePublished\":\"2021-02-16T11:55:47+00:00\",\"dateModified\":\"2026-02-16T09:15:59+00:00\",\"breadcrumb\":{\"@id\":\"https:\\\/\\\/oio-vivo.com\\\/de\\\/produkt\\\/istarska-bjelica\\\/#breadcrumb\"},\"inLanguage\":\"de\",\"potentialAction\":[{\"@type\":\"ReadAction\",\"target\":[\"https:\\\/\\\/oio-vivo.com\\\/de\\\/produkt\\\/istarska-bjelica\\\/\"]}]},{\"@type\":\"ImageObject\",\"inLanguage\":\"de\",\"@id\":\"https:\\\/\\\/oio-vivo.com\\\/de\\\/produkt\\\/istarska-bjelica\\\/#primaryimage\",\"url\":\"https:\\\/\\\/i0.wp.com\\\/oio-vivo.com\\\/wp-content\\\/uploads\\\/2021\\\/02\\\/ib-kartica-1.png?fit=433%2C1000&ssl=1\",\"contentUrl\":\"https:\\\/\\\/i0.wp.com\\\/oio-vivo.com\\\/wp-content\\\/uploads\\\/2021\\\/02\\\/ib-kartica-1.png?fit=433%2C1000&ssl=1\",\"width\":433,\"height\":1000},{\"@type\":\"BreadcrumbList\",\"@id\":\"https:\\\/\\\/oio-vivo.com\\\/de\\\/produkt\\\/istarska-bjelica\\\/#breadcrumb\",\"itemListElement\":[{\"@type\":\"ListItem\",\"position\":1,\"name\":\"Po\u010detna stranica\",\"item\":\"https:\\\/\\\/oio-vivo.com\\\/de\\\/\"},{\"@type\":\"ListItem\",\"position\":2,\"name\":\"Shop\",\"item\":\"https:\\\/\\\/oio-vivo.com\\\/de\\\/shop\\\/\"},{\"@type\":\"ListItem\",\"position\":3,\"name\":\"Istarska Bjelica\"}]},{\"@type\":\"WebSite\",\"@id\":\"https:\\\/\\\/oio-vivo.com\\\/#website\",\"url\":\"https:\\\/\\\/oio-vivo.com\\\/\",\"name\":\"Oio Vivo\",\"description\":\"\",\"publisher\":{\"@id\":\"https:\\\/\\\/oio-vivo.com\\\/#organization\"},\"potentialAction\":[{\"@type\":\"SearchAction\",\"target\":{\"@type\":\"EntryPoint\",\"urlTemplate\":\"https:\\\/\\\/oio-vivo.com\\\/?s={search_term_string}\"},\"query-input\":{\"@type\":\"PropertyValueSpecification\",\"valueRequired\":true,\"valueName\":\"search_term_string\"}}],\"inLanguage\":\"de\"},{\"@type\":\"Organization\",\"@id\":\"https:\\\/\\\/oio-vivo.com\\\/#organization\",\"name\":\"Oio Vivo\",\"url\":\"https:\\\/\\\/oio-vivo.com\\\/\",\"logo\":{\"@type\":\"ImageObject\",\"inLanguage\":\"de\",\"@id\":\"https:\\\/\\\/oio-vivo.com\\\/#\\\/schema\\\/logo\\\/image\\\/\",\"url\":\"https:\\\/\\\/i0.wp.com\\\/oio-vivo.com\\\/wp-content\\\/uploads\\\/2020\\\/10\\\/logo.png?fit=185%2C58&ssl=1\",\"contentUrl\":\"https:\\\/\\\/i0.wp.com\\\/oio-vivo.com\\\/wp-content\\\/uploads\\\/2020\\\/10\\\/logo.png?fit=185%2C58&ssl=1\",\"width\":185,\"height\":58,\"caption\":\"Oio Vivo\"},\"image\":{\"@id\":\"https:\\\/\\\/oio-vivo.com\\\/#\\\/schema\\\/logo\\\/image\\\/\"}}]}<\/script>\n<!-- \/ Yoast SEO plugin. -->","yoast_head_json":{"title":"Istarska Bjelica - Oio Vivo","robots":{"index":"index","follow":"follow","max-snippet":"max-snippet:-1","max-image-preview":"max-image-preview:large","max-video-preview":"max-video-preview:-1"},"canonical":"https:\/\/oio-vivo.com\/de\/produkt\/istarska-bjelica\/","og_locale":"de_DE","og_type":"article","og_title":"Istarska Bjelica - Oio Vivo","og_description":"Sorten\u00f6l istrische Bjelica zeichnet sich durch ausgepr\u00e4gte Sch\u00e4rfe und Bitterkeit aus. Dieses extra vergine Oliven\u00f6l von goldgr\u00fcner Farbe, der Duft von frisch gem\u00e4htem Gras und gr\u00fcnen Olivenfr\u00fcchten ist eine Synthese des Geschmacks von gr\u00fcnen Mandeln, Wildspargeln und Rucola. Intensiv fruchtiger Duft nach gr\u00fcnen Olivenfr\u00fcchten und frisch gem\u00e4htem Gras, verwoben mit Noten von Bittermandeln, Wildspargeln, Radicchio, Rucola, gr\u00fcnem Pfeffer und aromatischen Kr\u00e4utern. Das \u00d6l ist Mischung aus einer ausgepr\u00e4gten Bitterkeit, die von kurzer Dauer ist und W\u00fcrze, die einen l\u00e4ngeren Nachgeschmack hat.  Farbe: goldgr\u00fcn  Serviervorschlag: Wild, Rucola- und Radicchiosalat mit Trockenfr\u00fcchten und Ziegenk\u00e4se, Thunfisch, Lachs, Mascarpone Cr\u00e8me-Br\u00fbl\u00e9e, Vanille-Zitronen-Lavendelkuchen.","og_url":"https:\/\/oio-vivo.com\/de\/produkt\/istarska-bjelica\/","og_site_name":"Oio Vivo","article_modified_time":"2026-02-16T09:15:59+00:00","og_image":[{"width":750,"height":1000,"url":"https:\/\/oio-vivo.com\/wp-content\/uploads\/2021\/02\/istarska-bjelica-ws-1.png","type":"image\/png"}],"twitter_card":"summary_large_image","twitter_misc":{"Gesch\u00e4tzte Lesezeit":"1\u00a0Minute"},"schema":{"@context":"https:\/\/schema.org","@graph":[{"@type":"WebPage","@id":"https:\/\/oio-vivo.com\/de\/produkt\/istarska-bjelica\/","url":"https:\/\/oio-vivo.com\/de\/produkt\/istarska-bjelica\/","name":"Istarska Bjelica - Oio Vivo","isPartOf":{"@id":"https:\/\/oio-vivo.com\/#website"},"primaryImageOfPage":{"@id":"https:\/\/oio-vivo.com\/de\/produkt\/istarska-bjelica\/#primaryimage"},"image":{"@id":"https:\/\/oio-vivo.com\/de\/produkt\/istarska-bjelica\/#primaryimage"},"thumbnailUrl":"https:\/\/i0.wp.com\/oio-vivo.com\/wp-content\/uploads\/2021\/02\/ib-kartica-1.png?fit=433%2C1000&ssl=1","datePublished":"2021-02-16T11:55:47+00:00","dateModified":"2026-02-16T09:15:59+00:00","breadcrumb":{"@id":"https:\/\/oio-vivo.com\/de\/produkt\/istarska-bjelica\/#breadcrumb"},"inLanguage":"de","potentialAction":[{"@type":"ReadAction","target":["https:\/\/oio-vivo.com\/de\/produkt\/istarska-bjelica\/"]}]},{"@type":"ImageObject","inLanguage":"de","@id":"https:\/\/oio-vivo.com\/de\/produkt\/istarska-bjelica\/#primaryimage","url":"https:\/\/i0.wp.com\/oio-vivo.com\/wp-content\/uploads\/2021\/02\/ib-kartica-1.png?fit=433%2C1000&ssl=1","contentUrl":"https:\/\/i0.wp.com\/oio-vivo.com\/wp-content\/uploads\/2021\/02\/ib-kartica-1.png?fit=433%2C1000&ssl=1","width":433,"height":1000},{"@type":"BreadcrumbList","@id":"https:\/\/oio-vivo.com\/de\/produkt\/istarska-bjelica\/#breadcrumb","itemListElement":[{"@type":"ListItem","position":1,"name":"Po\u010detna stranica","item":"https:\/\/oio-vivo.com\/de\/"},{"@type":"ListItem","position":2,"name":"Shop","item":"https:\/\/oio-vivo.com\/de\/shop\/"},{"@type":"ListItem","position":3,"name":"Istarska Bjelica"}]},{"@type":"WebSite","@id":"https:\/\/oio-vivo.com\/#website","url":"https:\/\/oio-vivo.com\/","name":"Oio Vivo","description":"","publisher":{"@id":"https:\/\/oio-vivo.com\/#organization"},"potentialAction":[{"@type":"SearchAction","target":{"@type":"EntryPoint","urlTemplate":"https:\/\/oio-vivo.com\/?s={search_term_string}"},"query-input":{"@type":"PropertyValueSpecification","valueRequired":true,"valueName":"search_term_string"}}],"inLanguage":"de"},{"@type":"Organization","@id":"https:\/\/oio-vivo.com\/#organization","name":"Oio Vivo","url":"https:\/\/oio-vivo.com\/","logo":{"@type":"ImageObject","inLanguage":"de","@id":"https:\/\/oio-vivo.com\/#\/schema\/logo\/image\/","url":"https:\/\/i0.wp.com\/oio-vivo.com\/wp-content\/uploads\/2020\/10\/logo.png?fit=185%2C58&ssl=1","contentUrl":"https:\/\/i0.wp.com\/oio-vivo.com\/wp-content\/uploads\/2020\/10\/logo.png?fit=185%2C58&ssl=1","width":185,"height":58,"caption":"Oio Vivo"},"image":{"@id":"https:\/\/oio-vivo.com\/#\/schema\/logo\/image\/"}}]}},"jetpack_sharing_enabled":true,"_links":{"self":[{"href":"https:\/\/oio-vivo.com\/de\/wp-json\/wp\/v2\/product\/4585","targetHints":{"allow":["GET"]}}],"collection":[{"href":"https:\/\/oio-vivo.com\/de\/wp-json\/wp\/v2\/product"}],"about":[{"href":"https:\/\/oio-vivo.com\/de\/wp-json\/wp\/v2\/types\/product"}],"replies":[{"embeddable":true,"href":"https:\/\/oio-vivo.com\/de\/wp-json\/wp\/v2\/comments?post=4585"}],"wp:featuredmedia":[{"embeddable":true,"href":"https:\/\/oio-vivo.com\/de\/wp-json\/wp\/v2\/media\/10374"}],"wp:attachment":[{"href":"https:\/\/oio-vivo.com\/de\/wp-json\/wp\/v2\/media?parent=4585"}],"wp:term":[{"taxonomy":"product_brand","embeddable":true,"href":"https:\/\/oio-vivo.com\/de\/wp-json\/wp\/v2\/product_brand?post=4585"},{"taxonomy":"product_cat","embeddable":true,"href":"https:\/\/oio-vivo.com\/de\/wp-json\/wp\/v2\/product_cat?post=4585"},{"taxonomy":"product_tag","embeddable":true,"href":"https:\/\/oio-vivo.com\/de\/wp-json\/wp\/v2\/product_tag?post=4585"}],"curies":[{"name":"wp","href":"https:\/\/api.w.org\/{rel}","templated":true}]}}