{"id":4591,"date":"2021-02-16T11:59:50","date_gmt":"2021-02-16T11:59:50","guid":{"rendered":"https:\/\/oio-vivo.com\/proizvod\/zizolera\/"},"modified":"2026-02-16T10:15:57","modified_gmt":"2026-02-16T09:15:57","slug":"zizolera","status":"publish","type":"product","link":"https:\/\/oio-vivo.com\/de\/produkt\/zizolera\/","title":{"rendered":"Zizolera"},"content":{"rendered":"<p>Seltenes Sorten\u00f6l \u017di\u017eolera, eine einheimische Art, die f\u00fcr das Vodnjan Gebiet spezifisch ist, zeichnet sich durch ein mittleres bis intensives fruchtiges Aroma von frischem Oregano, Artischocken, Fr\u00fcchten und Bl\u00e4ttern von gr\u00fcnen Tomaten und gr\u00fcnem Pfeffer aus. Es ist mittel bis intensiv bitter und w\u00fcrzig.<\/p>\n<p>Es hat einen ausgepr\u00e4gten und vollen Geschmack, der anh\u00e4lt, und eine \u00fcberraschende Sch\u00e4rfe, die angenehm im Geschmack ist.<\/p>\n<p>Farbe: goldgelb<\/p>\n<p>Serviervorschlag: Nudeln mit Frischk\u00e4seso\u00dfe, Artischocken im Ofen mit Semmelbr\u00f6seln und Zitronenschale, Quark mit Feigenmarmelade, Ofengem\u00fcse mit Balsamico-Essig und Feta-K\u00e4se.<\/p>\n","protected":false},"excerpt":{"rendered":"<p>Seltenes Sorten\u00f6l \u017di\u017eolera, eine einheimische Art, die f\u00fcr das Vodnjan Gebiet spezifisch ist, zeichnet sich durch ein mittleres bis intensives fruchtiges Aroma von frischem Oregano, Artischocken, Fr\u00fcchten und Bl\u00e4ttern von gr\u00fcnen Tomaten und gr\u00fcnem Pfeffer aus. Es ist mittel bis intensiv bitter und w\u00fcrzig.<\/p>\n<p>Es hat einen ausgepr\u00e4gten und vollen Geschmack, der anh\u00e4lt, und eine \u00fcberraschende Sch\u00e4rfe, die angenehm im Geschmack ist.<\/p>\n<p>Farbe: goldgelb<\/p>\n<p>Serviervorschlag: Nudeln mit Frischk\u00e4seso\u00dfe, Artischocken im Ofen mit Semmelbr\u00f6seln und Zitronenschale, Quark mit Feigenmarmelade, Ofengem\u00fcse mit Balsamico-Essig und Feta-K\u00e4se.<\/p>\n","protected":false},"featured_media":10368,"comment_status":"open","ping_status":"closed","template":"","meta":[],"product_brand":[],"product_cat":[49],"product_tag":[],"class_list":{"0":"post-4591","1":"product","2":"type-product","3":"status-publish","4":"has-post-thumbnail","6":"product_cat-ol","8":"first","9":"instock","10":"taxable","11":"shipping-taxable","12":"purchasable","13":"product-type-variable"},"group_of_quantity":0,"min_quantity":0,"max_quantity":"","exclude_order_quantity_value_rules":"no","exclude_category_quantity_rules":"no","combine_variations":"no","yoast_head":"<!-- This site is optimized with the Yoast SEO plugin v27.5 - https:\/\/yoast.com\/product\/yoast-seo-wordpress\/ -->\n<title>Zizolera - Oio Vivo<\/title>\n<meta name=\"robots\" content=\"index, follow, max-snippet:-1, max-image-preview:large, max-video-preview:-1\" \/>\n<link rel=\"canonical\" href=\"https:\/\/oio-vivo.com\/de\/produkt\/zizolera\/\" \/>\n<meta property=\"og:locale\" content=\"de_DE\" \/>\n<meta property=\"og:type\" content=\"article\" \/>\n<meta property=\"og:title\" content=\"Zizolera - Oio Vivo\" \/>\n<meta property=\"og:description\" content=\"Seltenes Sorten\u00f6l \u017di\u017eolera, eine einheimische Art, die f\u00fcr das Vodnjan Gebiet spezifisch ist, zeichnet sich durch ein mittleres bis intensives fruchtiges Aroma von frischem Oregano, Artischocken, Fr\u00fcchten und Bl\u00e4ttern von gr\u00fcnen Tomaten und gr\u00fcnem Pfeffer aus. Es ist mittel bis intensiv bitter und w\u00fcrzig. Es hat einen ausgepr\u00e4gten und vollen Geschmack, der anh\u00e4lt, und eine \u00fcberraschende Sch\u00e4rfe, die angenehm im Geschmack ist. Farbe: goldgelb Serviervorschlag: Nudeln mit Frischk\u00e4seso\u00dfe, Artischocken im Ofen mit Semmelbr\u00f6seln und Zitronenschale, Quark mit Feigenmarmelade, Ofengem\u00fcse mit Balsamico-Essig und Feta-K\u00e4se.\" \/>\n<meta property=\"og:url\" content=\"https:\/\/oio-vivo.com\/de\/produkt\/zizolera\/\" \/>\n<meta property=\"og:site_name\" content=\"Oio Vivo\" \/>\n<meta property=\"article:modified_time\" content=\"2026-02-16T09:15:57+00:00\" \/>\n<meta property=\"og:image\" content=\"https:\/\/oio-vivo.com\/wp-content\/uploads\/2021\/02\/zizolera-ws-1.png\" \/>\n\t<meta property=\"og:image:width\" content=\"750\" \/>\n\t<meta property=\"og:image:height\" content=\"1000\" \/>\n\t<meta property=\"og:image:type\" content=\"image\/png\" \/>\n<meta name=\"twitter:card\" content=\"summary_large_image\" \/>\n<script type=\"application\/ld+json\" class=\"yoast-schema-graph\">{\"@context\":\"https:\\\/\\\/schema.org\",\"@graph\":[{\"@type\":\"WebPage\",\"@id\":\"https:\\\/\\\/oio-vivo.com\\\/de\\\/produkt\\\/zizolera\\\/\",\"url\":\"https:\\\/\\\/oio-vivo.com\\\/de\\\/produkt\\\/zizolera\\\/\",\"name\":\"Zizolera - Oio Vivo\",\"isPartOf\":{\"@id\":\"https:\\\/\\\/oio-vivo.com\\\/#website\"},\"primaryImageOfPage\":{\"@id\":\"https:\\\/\\\/oio-vivo.com\\\/de\\\/produkt\\\/zizolera\\\/#primaryimage\"},\"image\":{\"@id\":\"https:\\\/\\\/oio-vivo.com\\\/de\\\/produkt\\\/zizolera\\\/#primaryimage\"},\"thumbnailUrl\":\"https:\\\/\\\/i0.wp.com\\\/oio-vivo.com\\\/wp-content\\\/uploads\\\/2021\\\/02\\\/zizolera-1.png?fit=435%2C1000&ssl=1\",\"datePublished\":\"2021-02-16T11:59:50+00:00\",\"dateModified\":\"2026-02-16T09:15:57+00:00\",\"breadcrumb\":{\"@id\":\"https:\\\/\\\/oio-vivo.com\\\/de\\\/produkt\\\/zizolera\\\/#breadcrumb\"},\"inLanguage\":\"de\",\"potentialAction\":[{\"@type\":\"ReadAction\",\"target\":[\"https:\\\/\\\/oio-vivo.com\\\/de\\\/produkt\\\/zizolera\\\/\"]}]},{\"@type\":\"ImageObject\",\"inLanguage\":\"de\",\"@id\":\"https:\\\/\\\/oio-vivo.com\\\/de\\\/produkt\\\/zizolera\\\/#primaryimage\",\"url\":\"https:\\\/\\\/i0.wp.com\\\/oio-vivo.com\\\/wp-content\\\/uploads\\\/2021\\\/02\\\/zizolera-1.png?fit=435%2C1000&ssl=1\",\"contentUrl\":\"https:\\\/\\\/i0.wp.com\\\/oio-vivo.com\\\/wp-content\\\/uploads\\\/2021\\\/02\\\/zizolera-1.png?fit=435%2C1000&ssl=1\",\"width\":435,\"height\":1000},{\"@type\":\"BreadcrumbList\",\"@id\":\"https:\\\/\\\/oio-vivo.com\\\/de\\\/produkt\\\/zizolera\\\/#breadcrumb\",\"itemListElement\":[{\"@type\":\"ListItem\",\"position\":1,\"name\":\"Po\u010detna stranica\",\"item\":\"https:\\\/\\\/oio-vivo.com\\\/de\\\/\"},{\"@type\":\"ListItem\",\"position\":2,\"name\":\"Shop\",\"item\":\"https:\\\/\\\/oio-vivo.com\\\/de\\\/shop\\\/\"},{\"@type\":\"ListItem\",\"position\":3,\"name\":\"Zizolera\"}]},{\"@type\":\"WebSite\",\"@id\":\"https:\\\/\\\/oio-vivo.com\\\/#website\",\"url\":\"https:\\\/\\\/oio-vivo.com\\\/\",\"name\":\"Oio Vivo\",\"description\":\"\",\"publisher\":{\"@id\":\"https:\\\/\\\/oio-vivo.com\\\/#organization\"},\"potentialAction\":[{\"@type\":\"SearchAction\",\"target\":{\"@type\":\"EntryPoint\",\"urlTemplate\":\"https:\\\/\\\/oio-vivo.com\\\/?s={search_term_string}\"},\"query-input\":{\"@type\":\"PropertyValueSpecification\",\"valueRequired\":true,\"valueName\":\"search_term_string\"}}],\"inLanguage\":\"de\"},{\"@type\":\"Organization\",\"@id\":\"https:\\\/\\\/oio-vivo.com\\\/#organization\",\"name\":\"Oio Vivo\",\"url\":\"https:\\\/\\\/oio-vivo.com\\\/\",\"logo\":{\"@type\":\"ImageObject\",\"inLanguage\":\"de\",\"@id\":\"https:\\\/\\\/oio-vivo.com\\\/#\\\/schema\\\/logo\\\/image\\\/\",\"url\":\"https:\\\/\\\/i0.wp.com\\\/oio-vivo.com\\\/wp-content\\\/uploads\\\/2020\\\/10\\\/logo.png?fit=185%2C58&ssl=1\",\"contentUrl\":\"https:\\\/\\\/i0.wp.com\\\/oio-vivo.com\\\/wp-content\\\/uploads\\\/2020\\\/10\\\/logo.png?fit=185%2C58&ssl=1\",\"width\":185,\"height\":58,\"caption\":\"Oio Vivo\"},\"image\":{\"@id\":\"https:\\\/\\\/oio-vivo.com\\\/#\\\/schema\\\/logo\\\/image\\\/\"}}]}<\/script>\n<!-- \/ Yoast SEO plugin. -->","yoast_head_json":{"title":"Zizolera - Oio Vivo","robots":{"index":"index","follow":"follow","max-snippet":"max-snippet:-1","max-image-preview":"max-image-preview:large","max-video-preview":"max-video-preview:-1"},"canonical":"https:\/\/oio-vivo.com\/de\/produkt\/zizolera\/","og_locale":"de_DE","og_type":"article","og_title":"Zizolera - Oio Vivo","og_description":"Seltenes Sorten\u00f6l \u017di\u017eolera, eine einheimische Art, die f\u00fcr das Vodnjan Gebiet spezifisch ist, zeichnet sich durch ein mittleres bis intensives fruchtiges Aroma von frischem Oregano, Artischocken, Fr\u00fcchten und Bl\u00e4ttern von gr\u00fcnen Tomaten und gr\u00fcnem Pfeffer aus. Es ist mittel bis intensiv bitter und w\u00fcrzig. Es hat einen ausgepr\u00e4gten und vollen Geschmack, der anh\u00e4lt, und eine \u00fcberraschende Sch\u00e4rfe, die angenehm im Geschmack ist. Farbe: goldgelb Serviervorschlag: Nudeln mit Frischk\u00e4seso\u00dfe, Artischocken im Ofen mit Semmelbr\u00f6seln und Zitronenschale, Quark mit Feigenmarmelade, Ofengem\u00fcse mit Balsamico-Essig und Feta-K\u00e4se.","og_url":"https:\/\/oio-vivo.com\/de\/produkt\/zizolera\/","og_site_name":"Oio Vivo","article_modified_time":"2026-02-16T09:15:57+00:00","og_image":[{"width":750,"height":1000,"url":"https:\/\/oio-vivo.com\/wp-content\/uploads\/2021\/02\/zizolera-ws-1.png","type":"image\/png"}],"twitter_card":"summary_large_image","schema":{"@context":"https:\/\/schema.org","@graph":[{"@type":"WebPage","@id":"https:\/\/oio-vivo.com\/de\/produkt\/zizolera\/","url":"https:\/\/oio-vivo.com\/de\/produkt\/zizolera\/","name":"Zizolera - Oio Vivo","isPartOf":{"@id":"https:\/\/oio-vivo.com\/#website"},"primaryImageOfPage":{"@id":"https:\/\/oio-vivo.com\/de\/produkt\/zizolera\/#primaryimage"},"image":{"@id":"https:\/\/oio-vivo.com\/de\/produkt\/zizolera\/#primaryimage"},"thumbnailUrl":"https:\/\/i0.wp.com\/oio-vivo.com\/wp-content\/uploads\/2021\/02\/zizolera-1.png?fit=435%2C1000&ssl=1","datePublished":"2021-02-16T11:59:50+00:00","dateModified":"2026-02-16T09:15:57+00:00","breadcrumb":{"@id":"https:\/\/oio-vivo.com\/de\/produkt\/zizolera\/#breadcrumb"},"inLanguage":"de","potentialAction":[{"@type":"ReadAction","target":["https:\/\/oio-vivo.com\/de\/produkt\/zizolera\/"]}]},{"@type":"ImageObject","inLanguage":"de","@id":"https:\/\/oio-vivo.com\/de\/produkt\/zizolera\/#primaryimage","url":"https:\/\/i0.wp.com\/oio-vivo.com\/wp-content\/uploads\/2021\/02\/zizolera-1.png?fit=435%2C1000&ssl=1","contentUrl":"https:\/\/i0.wp.com\/oio-vivo.com\/wp-content\/uploads\/2021\/02\/zizolera-1.png?fit=435%2C1000&ssl=1","width":435,"height":1000},{"@type":"BreadcrumbList","@id":"https:\/\/oio-vivo.com\/de\/produkt\/zizolera\/#breadcrumb","itemListElement":[{"@type":"ListItem","position":1,"name":"Po\u010detna stranica","item":"https:\/\/oio-vivo.com\/de\/"},{"@type":"ListItem","position":2,"name":"Shop","item":"https:\/\/oio-vivo.com\/de\/shop\/"},{"@type":"ListItem","position":3,"name":"Zizolera"}]},{"@type":"WebSite","@id":"https:\/\/oio-vivo.com\/#website","url":"https:\/\/oio-vivo.com\/","name":"Oio Vivo","description":"","publisher":{"@id":"https:\/\/oio-vivo.com\/#organization"},"potentialAction":[{"@type":"SearchAction","target":{"@type":"EntryPoint","urlTemplate":"https:\/\/oio-vivo.com\/?s={search_term_string}"},"query-input":{"@type":"PropertyValueSpecification","valueRequired":true,"valueName":"search_term_string"}}],"inLanguage":"de"},{"@type":"Organization","@id":"https:\/\/oio-vivo.com\/#organization","name":"Oio Vivo","url":"https:\/\/oio-vivo.com\/","logo":{"@type":"ImageObject","inLanguage":"de","@id":"https:\/\/oio-vivo.com\/#\/schema\/logo\/image\/","url":"https:\/\/i0.wp.com\/oio-vivo.com\/wp-content\/uploads\/2020\/10\/logo.png?fit=185%2C58&ssl=1","contentUrl":"https:\/\/i0.wp.com\/oio-vivo.com\/wp-content\/uploads\/2020\/10\/logo.png?fit=185%2C58&ssl=1","width":185,"height":58,"caption":"Oio Vivo"},"image":{"@id":"https:\/\/oio-vivo.com\/#\/schema\/logo\/image\/"}}]}},"jetpack_sharing_enabled":true,"_links":{"self":[{"href":"https:\/\/oio-vivo.com\/de\/wp-json\/wp\/v2\/product\/4591","targetHints":{"allow":["GET"]}}],"collection":[{"href":"https:\/\/oio-vivo.com\/de\/wp-json\/wp\/v2\/product"}],"about":[{"href":"https:\/\/oio-vivo.com\/de\/wp-json\/wp\/v2\/types\/product"}],"replies":[{"embeddable":true,"href":"https:\/\/oio-vivo.com\/de\/wp-json\/wp\/v2\/comments?post=4591"}],"wp:featuredmedia":[{"embeddable":true,"href":"https:\/\/oio-vivo.com\/de\/wp-json\/wp\/v2\/media\/10368"}],"wp:attachment":[{"href":"https:\/\/oio-vivo.com\/de\/wp-json\/wp\/v2\/media?parent=4591"}],"wp:term":[{"taxonomy":"product_brand","embeddable":true,"href":"https:\/\/oio-vivo.com\/de\/wp-json\/wp\/v2\/product_brand?post=4591"},{"taxonomy":"product_cat","embeddable":true,"href":"https:\/\/oio-vivo.com\/de\/wp-json\/wp\/v2\/product_cat?post=4591"},{"taxonomy":"product_tag","embeddable":true,"href":"https:\/\/oio-vivo.com\/de\/wp-json\/wp\/v2\/product_tag?post=4591"}],"curies":[{"name":"wp","href":"https:\/\/api.w.org\/{rel}","templated":true}]}}