{"id":4593,"date":"2021-02-16T12:01:38","date_gmt":"2021-02-16T12:01:38","guid":{"rendered":"https:\/\/oio-vivo.com\/proizvod\/rozinjola\/"},"modified":"2026-02-16T10:15:56","modified_gmt":"2026-02-16T09:15:56","slug":"rozinjola","status":"publish","type":"product","link":"https:\/\/oio-vivo.com\/de\/produkt\/rozinjola\/","title":{"rendered":"Rozinjola"},"content":{"rendered":"<p>Oio Vivo Rosinjola sortenreines extra vergine Oliven\u00f6l hat einen intensiven gr\u00fcnen Geruch, der an ein Blumenfeld mit Noten von gr\u00fcnem Apfel, gr\u00fcner Mandel, L\u00f6wenzahn und Chicor\u00e9e erinnert. Der Geschmack wird durch eine ausgepr\u00e4gte und gleichzeitig ausgewogene Sch\u00e4rfe und feine Bitterkeit gekennzeichnet. Intensives goldenes \u00d6l mit Gr\u00fcnt\u00f6nen, blumigen D\u00fcften und bitterem Nachgeschmack.<\/p>\n<p>Farbe: Klare goldene Farbe mit gr\u00fcnen Pigmenten<\/p>\n<p>Serviervorschlag: L\u00f6wenzahnsalat, Chicor\u00e9e und Schafsquark, Nudeln mit Spargel und rotem Radicchio, Flussfisch, Schweinefleisch in Teranso\u00dfe.<\/p>\n","protected":false},"excerpt":{"rendered":"<p>Oio Vivo Rosinjola sortenreines extra vergine Oliven\u00f6l hat einen intensiven gr\u00fcnen Geruch, der an ein Blumenfeld mit Noten von gr\u00fcnem Apfel, gr\u00fcner Mandel, L\u00f6wenzahn und Chicor\u00e9e erinnert. Der Geschmack wird durch eine ausgepr\u00e4gte und gleichzeitig ausgewogene Sch\u00e4rfe und feine Bitterkeit gekennzeichnet. Intensives goldenes \u00d6l mit Gr\u00fcnt\u00f6nen, blumigen D\u00fcften und bitterem Nachgeschmack.<\/p>\n<p>Farbe: Klare goldene Farbe mit gr\u00fcnen Pigmenten<\/p>\n<p>Serviervorschlag: L\u00f6wenzahnsalat, Chicor\u00e9e und Schafsquark, Nudeln mit Spargel und rotem Radicchio, Flussfisch, Schweinefleisch in Teranso\u00dfe.<\/p>\n","protected":false},"featured_media":10365,"comment_status":"open","ping_status":"closed","template":"","meta":[],"product_brand":[],"product_cat":[49],"product_tag":[],"class_list":{"0":"post-4593","1":"product","2":"type-product","3":"status-publish","4":"has-post-thumbnail","6":"product_cat-ol","8":"first","9":"instock","10":"taxable","11":"shipping-taxable","12":"purchasable","13":"product-type-variable"},"group_of_quantity":0,"min_quantity":0,"max_quantity":"","exclude_order_quantity_value_rules":"no","exclude_category_quantity_rules":"no","combine_variations":"no","yoast_head":"<!-- This site is optimized with the Yoast SEO plugin v27.3 - https:\/\/yoast.com\/product\/yoast-seo-wordpress\/ -->\n<title>Rozinjola - Oio Vivo<\/title>\n<meta name=\"robots\" content=\"index, follow, max-snippet:-1, max-image-preview:large, max-video-preview:-1\" \/>\n<link rel=\"canonical\" href=\"https:\/\/oio-vivo.com\/de\/produkt\/rozinjola\/\" \/>\n<meta property=\"og:locale\" content=\"de_DE\" \/>\n<meta property=\"og:type\" content=\"article\" \/>\n<meta property=\"og:title\" content=\"Rozinjola - Oio Vivo\" \/>\n<meta property=\"og:description\" content=\"Oio Vivo Rosinjola sortenreines extra vergine Oliven\u00f6l hat einen intensiven gr\u00fcnen Geruch, der an ein Blumenfeld mit Noten von gr\u00fcnem Apfel, gr\u00fcner Mandel, L\u00f6wenzahn und Chicor\u00e9e erinnert. Der Geschmack wird durch eine ausgepr\u00e4gte und gleichzeitig ausgewogene Sch\u00e4rfe und feine Bitterkeit gekennzeichnet. Intensives goldenes \u00d6l mit Gr\u00fcnt\u00f6nen, blumigen D\u00fcften und bitterem Nachgeschmack. Farbe: Klare goldene Farbe mit gr\u00fcnen Pigmenten Serviervorschlag: L\u00f6wenzahnsalat, Chicor\u00e9e und Schafsquark, Nudeln mit Spargel und rotem Radicchio, Flussfisch, Schweinefleisch in Teranso\u00dfe.\" \/>\n<meta property=\"og:url\" content=\"https:\/\/oio-vivo.com\/de\/produkt\/rozinjola\/\" \/>\n<meta property=\"og:site_name\" content=\"Oio Vivo\" \/>\n<meta property=\"article:modified_time\" content=\"2026-02-16T09:15:56+00:00\" \/>\n<meta property=\"og:image\" content=\"https:\/\/oio-vivo.com\/wp-content\/uploads\/2021\/02\/roz-kartica-5.png\" \/>\n\t<meta property=\"og:image:width\" content=\"431\" \/>\n\t<meta property=\"og:image:height\" content=\"1000\" \/>\n\t<meta property=\"og:image:type\" content=\"image\/png\" \/>\n<meta name=\"twitter:card\" content=\"summary_large_image\" \/>\n<script type=\"application\/ld+json\" class=\"yoast-schema-graph\">{\"@context\":\"https:\\\/\\\/schema.org\",\"@graph\":[{\"@type\":\"WebPage\",\"@id\":\"https:\\\/\\\/oio-vivo.com\\\/de\\\/produkt\\\/rozinjola\\\/\",\"url\":\"https:\\\/\\\/oio-vivo.com\\\/de\\\/produkt\\\/rozinjola\\\/\",\"name\":\"Rozinjola - Oio Vivo\",\"isPartOf\":{\"@id\":\"https:\\\/\\\/oio-vivo.com\\\/#website\"},\"primaryImageOfPage\":{\"@id\":\"https:\\\/\\\/oio-vivo.com\\\/de\\\/produkt\\\/rozinjola\\\/#primaryimage\"},\"image\":{\"@id\":\"https:\\\/\\\/oio-vivo.com\\\/de\\\/produkt\\\/rozinjola\\\/#primaryimage\"},\"thumbnailUrl\":\"https:\\\/\\\/i0.wp.com\\\/oio-vivo.com\\\/wp-content\\\/uploads\\\/2021\\\/02\\\/roz-kartica-5.png?fit=431%2C1000&ssl=1\",\"datePublished\":\"2021-02-16T12:01:38+00:00\",\"dateModified\":\"2026-02-16T09:15:56+00:00\",\"breadcrumb\":{\"@id\":\"https:\\\/\\\/oio-vivo.com\\\/de\\\/produkt\\\/rozinjola\\\/#breadcrumb\"},\"inLanguage\":\"de\",\"potentialAction\":[{\"@type\":\"ReadAction\",\"target\":[\"https:\\\/\\\/oio-vivo.com\\\/de\\\/produkt\\\/rozinjola\\\/\"]}]},{\"@type\":\"ImageObject\",\"inLanguage\":\"de\",\"@id\":\"https:\\\/\\\/oio-vivo.com\\\/de\\\/produkt\\\/rozinjola\\\/#primaryimage\",\"url\":\"https:\\\/\\\/i0.wp.com\\\/oio-vivo.com\\\/wp-content\\\/uploads\\\/2021\\\/02\\\/roz-kartica-5.png?fit=431%2C1000&ssl=1\",\"contentUrl\":\"https:\\\/\\\/i0.wp.com\\\/oio-vivo.com\\\/wp-content\\\/uploads\\\/2021\\\/02\\\/roz-kartica-5.png?fit=431%2C1000&ssl=1\",\"width\":431,\"height\":1000},{\"@type\":\"BreadcrumbList\",\"@id\":\"https:\\\/\\\/oio-vivo.com\\\/de\\\/produkt\\\/rozinjola\\\/#breadcrumb\",\"itemListElement\":[{\"@type\":\"ListItem\",\"position\":1,\"name\":\"Po\u010detna stranica\",\"item\":\"https:\\\/\\\/oio-vivo.com\\\/de\\\/\"},{\"@type\":\"ListItem\",\"position\":2,\"name\":\"Shop\",\"item\":\"https:\\\/\\\/oio-vivo.com\\\/de\\\/shop\\\/\"},{\"@type\":\"ListItem\",\"position\":3,\"name\":\"Rozinjola\"}]},{\"@type\":\"WebSite\",\"@id\":\"https:\\\/\\\/oio-vivo.com\\\/#website\",\"url\":\"https:\\\/\\\/oio-vivo.com\\\/\",\"name\":\"Oio Vivo\",\"description\":\"\",\"publisher\":{\"@id\":\"https:\\\/\\\/oio-vivo.com\\\/#organization\"},\"potentialAction\":[{\"@type\":\"SearchAction\",\"target\":{\"@type\":\"EntryPoint\",\"urlTemplate\":\"https:\\\/\\\/oio-vivo.com\\\/?s={search_term_string}\"},\"query-input\":{\"@type\":\"PropertyValueSpecification\",\"valueRequired\":true,\"valueName\":\"search_term_string\"}}],\"inLanguage\":\"de\"},{\"@type\":\"Organization\",\"@id\":\"https:\\\/\\\/oio-vivo.com\\\/#organization\",\"name\":\"Oio Vivo\",\"url\":\"https:\\\/\\\/oio-vivo.com\\\/\",\"logo\":{\"@type\":\"ImageObject\",\"inLanguage\":\"de\",\"@id\":\"https:\\\/\\\/oio-vivo.com\\\/#\\\/schema\\\/logo\\\/image\\\/\",\"url\":\"https:\\\/\\\/i0.wp.com\\\/oio-vivo.com\\\/wp-content\\\/uploads\\\/2020\\\/10\\\/logo.png?fit=185%2C58&ssl=1\",\"contentUrl\":\"https:\\\/\\\/i0.wp.com\\\/oio-vivo.com\\\/wp-content\\\/uploads\\\/2020\\\/10\\\/logo.png?fit=185%2C58&ssl=1\",\"width\":185,\"height\":58,\"caption\":\"Oio Vivo\"},\"image\":{\"@id\":\"https:\\\/\\\/oio-vivo.com\\\/#\\\/schema\\\/logo\\\/image\\\/\"}}]}<\/script>\n<!-- \/ Yoast SEO plugin. -->","yoast_head_json":{"title":"Rozinjola - Oio Vivo","robots":{"index":"index","follow":"follow","max-snippet":"max-snippet:-1","max-image-preview":"max-image-preview:large","max-video-preview":"max-video-preview:-1"},"canonical":"https:\/\/oio-vivo.com\/de\/produkt\/rozinjola\/","og_locale":"de_DE","og_type":"article","og_title":"Rozinjola - Oio Vivo","og_description":"Oio Vivo Rosinjola sortenreines extra vergine Oliven\u00f6l hat einen intensiven gr\u00fcnen Geruch, der an ein Blumenfeld mit Noten von gr\u00fcnem Apfel, gr\u00fcner Mandel, L\u00f6wenzahn und Chicor\u00e9e erinnert. Der Geschmack wird durch eine ausgepr\u00e4gte und gleichzeitig ausgewogene Sch\u00e4rfe und feine Bitterkeit gekennzeichnet. Intensives goldenes \u00d6l mit Gr\u00fcnt\u00f6nen, blumigen D\u00fcften und bitterem Nachgeschmack. Farbe: Klare goldene Farbe mit gr\u00fcnen Pigmenten Serviervorschlag: L\u00f6wenzahnsalat, Chicor\u00e9e und Schafsquark, Nudeln mit Spargel und rotem Radicchio, Flussfisch, Schweinefleisch in Teranso\u00dfe.","og_url":"https:\/\/oio-vivo.com\/de\/produkt\/rozinjola\/","og_site_name":"Oio Vivo","article_modified_time":"2026-02-16T09:15:56+00:00","og_image":[{"width":431,"height":1000,"url":"https:\/\/oio-vivo.com\/wp-content\/uploads\/2021\/02\/roz-kartica-5.png","type":"image\/png"}],"twitter_card":"summary_large_image","schema":{"@context":"https:\/\/schema.org","@graph":[{"@type":"WebPage","@id":"https:\/\/oio-vivo.com\/de\/produkt\/rozinjola\/","url":"https:\/\/oio-vivo.com\/de\/produkt\/rozinjola\/","name":"Rozinjola - Oio Vivo","isPartOf":{"@id":"https:\/\/oio-vivo.com\/#website"},"primaryImageOfPage":{"@id":"https:\/\/oio-vivo.com\/de\/produkt\/rozinjola\/#primaryimage"},"image":{"@id":"https:\/\/oio-vivo.com\/de\/produkt\/rozinjola\/#primaryimage"},"thumbnailUrl":"https:\/\/i0.wp.com\/oio-vivo.com\/wp-content\/uploads\/2021\/02\/roz-kartica-5.png?fit=431%2C1000&ssl=1","datePublished":"2021-02-16T12:01:38+00:00","dateModified":"2026-02-16T09:15:56+00:00","breadcrumb":{"@id":"https:\/\/oio-vivo.com\/de\/produkt\/rozinjola\/#breadcrumb"},"inLanguage":"de","potentialAction":[{"@type":"ReadAction","target":["https:\/\/oio-vivo.com\/de\/produkt\/rozinjola\/"]}]},{"@type":"ImageObject","inLanguage":"de","@id":"https:\/\/oio-vivo.com\/de\/produkt\/rozinjola\/#primaryimage","url":"https:\/\/i0.wp.com\/oio-vivo.com\/wp-content\/uploads\/2021\/02\/roz-kartica-5.png?fit=431%2C1000&ssl=1","contentUrl":"https:\/\/i0.wp.com\/oio-vivo.com\/wp-content\/uploads\/2021\/02\/roz-kartica-5.png?fit=431%2C1000&ssl=1","width":431,"height":1000},{"@type":"BreadcrumbList","@id":"https:\/\/oio-vivo.com\/de\/produkt\/rozinjola\/#breadcrumb","itemListElement":[{"@type":"ListItem","position":1,"name":"Po\u010detna stranica","item":"https:\/\/oio-vivo.com\/de\/"},{"@type":"ListItem","position":2,"name":"Shop","item":"https:\/\/oio-vivo.com\/de\/shop\/"},{"@type":"ListItem","position":3,"name":"Rozinjola"}]},{"@type":"WebSite","@id":"https:\/\/oio-vivo.com\/#website","url":"https:\/\/oio-vivo.com\/","name":"Oio Vivo","description":"","publisher":{"@id":"https:\/\/oio-vivo.com\/#organization"},"potentialAction":[{"@type":"SearchAction","target":{"@type":"EntryPoint","urlTemplate":"https:\/\/oio-vivo.com\/?s={search_term_string}"},"query-input":{"@type":"PropertyValueSpecification","valueRequired":true,"valueName":"search_term_string"}}],"inLanguage":"de"},{"@type":"Organization","@id":"https:\/\/oio-vivo.com\/#organization","name":"Oio Vivo","url":"https:\/\/oio-vivo.com\/","logo":{"@type":"ImageObject","inLanguage":"de","@id":"https:\/\/oio-vivo.com\/#\/schema\/logo\/image\/","url":"https:\/\/i0.wp.com\/oio-vivo.com\/wp-content\/uploads\/2020\/10\/logo.png?fit=185%2C58&ssl=1","contentUrl":"https:\/\/i0.wp.com\/oio-vivo.com\/wp-content\/uploads\/2020\/10\/logo.png?fit=185%2C58&ssl=1","width":185,"height":58,"caption":"Oio Vivo"},"image":{"@id":"https:\/\/oio-vivo.com\/#\/schema\/logo\/image\/"}}]}},"jetpack_sharing_enabled":true,"_links":{"self":[{"href":"https:\/\/oio-vivo.com\/de\/wp-json\/wp\/v2\/product\/4593","targetHints":{"allow":["GET"]}}],"collection":[{"href":"https:\/\/oio-vivo.com\/de\/wp-json\/wp\/v2\/product"}],"about":[{"href":"https:\/\/oio-vivo.com\/de\/wp-json\/wp\/v2\/types\/product"}],"replies":[{"embeddable":true,"href":"https:\/\/oio-vivo.com\/de\/wp-json\/wp\/v2\/comments?post=4593"}],"wp:featuredmedia":[{"embeddable":true,"href":"https:\/\/oio-vivo.com\/de\/wp-json\/wp\/v2\/media\/10365"}],"wp:attachment":[{"href":"https:\/\/oio-vivo.com\/de\/wp-json\/wp\/v2\/media?parent=4593"}],"wp:term":[{"taxonomy":"product_brand","embeddable":true,"href":"https:\/\/oio-vivo.com\/de\/wp-json\/wp\/v2\/product_brand?post=4593"},{"taxonomy":"product_cat","embeddable":true,"href":"https:\/\/oio-vivo.com\/de\/wp-json\/wp\/v2\/product_cat?post=4593"},{"taxonomy":"product_tag","embeddable":true,"href":"https:\/\/oio-vivo.com\/de\/wp-json\/wp\/v2\/product_tag?post=4593"}],"curies":[{"name":"wp","href":"https:\/\/api.w.org\/{rel}","templated":true}]}}