{"id":4596,"date":"2021-02-16T09:16:02","date_gmt":"2021-02-16T09:16:02","guid":{"rendered":"https:\/\/oio-vivo.com\/proizvod\/bon\/"},"modified":"2026-04-05T11:18:09","modified_gmt":"2026-04-05T10:18:09","slug":"bon","status":"publish","type":"product","link":"https:\/\/oio-vivo.com\/de\/produkt\/bon\/","title":{"rendered":"B\u00f2n"},"content":{"rendered":"<p>Da wertvolle \u00d6le mit einem erh\u00f6hten Gehalt an Phenolstoffe h\u00e4ufig durch einen w\u00fcrzigen und bitteren Geschmack gekennzeichnet sind, erhalten wir durch sorgf\u00e4ltiges Mischen milderer und intensiverer \u00d6lsorten ein \u00d6l mit hervorragenden Ern\u00e4hrungseigenschaften, aber einem milden, trinkbaren Geschmack f\u00fcr anspruchsvolle Gaumen.<\/p>\n<p>So entsteht B\u00f2n, ein klares, frisches \u00d6l, intensiv gr\u00fcnliche Farbe, das an frisch gem\u00e4htes Fr\u00fchlingsgras erinnert, mit einem ausgepr\u00e4gten fruchtigen Duft, milder Bitterkeit und Sch\u00e4rfe.<\/p>\n<p>UPerfektioniert jeden sommerfrische Salat oder Fisch.<\/p>\n<p>Farbe: Intensives frisches Gr\u00fcn<\/p>\n<p>Serviervorschlag: Passt gut zu frischen Salaten, frischem Gem\u00fcse, Fisch, jungem K\u00e4se und einer Vielzahl von Tapas.<\/p>\n","protected":false},"excerpt":{"rendered":"<p>Da wertvolle \u00d6le mit einem erh\u00f6hten Gehalt an Phenolstoffe  h\u00e4ufig durch einen w\u00fcrzigen und bitteren Geschmack gekennzeichnet sind, erhalten wir durch sorgf\u00e4ltiges Mischen milderer und intensiverer \u00d6lsorten ein \u00d6l mit hervorragenden Ern\u00e4hrungseigenschaften, aber einem milden, trinkbaren Geschmack f\u00fcr anspruchsvolle Gaumen.<\/p>\n<p>So entsteht B\u00f2n, ein klares, frisches \u00d6l, intensiv gr\u00fcnliche Farbe, das an frisch gem\u00e4htes Fr\u00fchlingsgras erinnert, mit einem ausgepr\u00e4gten fruchtigen Duft, milder Bitterkeit und Sch\u00e4rfe.<\/p>\n<p>UPerfektioniert jeden sommerfrische Salat oder Fisch.<\/p>\n<p>Farbe: Intensives frisches Gr\u00fcn<\/p>\n<p>Serviervorschlag: Passt gut zu frischen Salaten, frischem Gem\u00fcse, Fisch, jungem K\u00e4se und einer Vielzahl von Tapas.<\/em><\/p>\n","protected":false},"featured_media":10380,"comment_status":"open","ping_status":"closed","template":"","meta":[],"product_brand":[],"product_cat":[49],"product_tag":[],"class_list":{"0":"post-4596","1":"product","2":"type-product","3":"status-publish","4":"has-post-thumbnail","6":"product_cat-ol","8":"first","9":"instock","10":"taxable","11":"shipping-taxable","12":"purchasable","13":"product-type-variable"},"group_of_quantity":0,"min_quantity":0,"max_quantity":"","exclude_order_quantity_value_rules":"no","exclude_category_quantity_rules":"no","combine_variations":"no","yoast_head":"<!-- This site is optimized with the Yoast SEO plugin v27.3 - https:\/\/yoast.com\/product\/yoast-seo-wordpress\/ -->\n<title>B\u00f2n - Oio Vivo<\/title>\n<meta name=\"robots\" content=\"index, follow, max-snippet:-1, max-image-preview:large, max-video-preview:-1\" \/>\n<link rel=\"canonical\" href=\"https:\/\/oio-vivo.com\/de\/produkt\/bon\/\" \/>\n<meta property=\"og:locale\" content=\"de_DE\" \/>\n<meta property=\"og:type\" content=\"article\" \/>\n<meta property=\"og:title\" content=\"B\u00f2n - Oio Vivo\" \/>\n<meta property=\"og:description\" content=\"Da wertvolle \u00d6le mit einem erh\u00f6hten Gehalt an Phenolstoffe h\u00e4ufig durch einen w\u00fcrzigen und bitteren Geschmack gekennzeichnet sind, erhalten wir durch sorgf\u00e4ltiges Mischen milderer und intensiverer \u00d6lsorten ein \u00d6l mit hervorragenden Ern\u00e4hrungseigenschaften, aber einem milden, trinkbaren Geschmack f\u00fcr anspruchsvolle Gaumen. So entsteht B\u00f2n, ein klares, frisches \u00d6l, intensiv gr\u00fcnliche Farbe, das an frisch gem\u00e4htes Fr\u00fchlingsgras erinnert, mit einem ausgepr\u00e4gten fruchtigen Duft, milder Bitterkeit und Sch\u00e4rfe. UPerfektioniert jeden sommerfrische Salat oder Fisch. Farbe: Intensives frisches Gr\u00fcn Serviervorschlag: Passt gut zu frischen Salaten, frischem Gem\u00fcse, Fisch, jungem K\u00e4se und einer Vielzahl von Tapas.\" \/>\n<meta property=\"og:url\" content=\"https:\/\/oio-vivo.com\/de\/produkt\/bon\/\" \/>\n<meta property=\"og:site_name\" content=\"Oio Vivo\" \/>\n<meta property=\"article:modified_time\" content=\"2026-04-05T10:18:09+00:00\" \/>\n<meta property=\"og:image\" content=\"https:\/\/oio-vivo.com\/wp-content\/uploads\/2021\/02\/Bon-3.png\" \/>\n\t<meta property=\"og:image:width\" content=\"432\" \/>\n\t<meta property=\"og:image:height\" content=\"1000\" \/>\n\t<meta property=\"og:image:type\" content=\"image\/png\" \/>\n<meta name=\"twitter:card\" content=\"summary_large_image\" \/>\n<meta name=\"twitter:label1\" content=\"Gesch\u00e4tzte Lesezeit\" \/>\n\t<meta name=\"twitter:data1\" content=\"1\u00a0Minute\" \/>\n<script type=\"application\/ld+json\" class=\"yoast-schema-graph\">{\"@context\":\"https:\\\/\\\/schema.org\",\"@graph\":[{\"@type\":\"WebPage\",\"@id\":\"https:\\\/\\\/oio-vivo.com\\\/de\\\/produkt\\\/bon\\\/\",\"url\":\"https:\\\/\\\/oio-vivo.com\\\/de\\\/produkt\\\/bon\\\/\",\"name\":\"B\u00f2n - Oio Vivo\",\"isPartOf\":{\"@id\":\"https:\\\/\\\/oio-vivo.com\\\/#website\"},\"primaryImageOfPage\":{\"@id\":\"https:\\\/\\\/oio-vivo.com\\\/de\\\/produkt\\\/bon\\\/#primaryimage\"},\"image\":{\"@id\":\"https:\\\/\\\/oio-vivo.com\\\/de\\\/produkt\\\/bon\\\/#primaryimage\"},\"thumbnailUrl\":\"https:\\\/\\\/i0.wp.com\\\/oio-vivo.com\\\/wp-content\\\/uploads\\\/2021\\\/02\\\/Bon-3.png?fit=432%2C1000&ssl=1\",\"datePublished\":\"2021-02-16T09:16:02+00:00\",\"dateModified\":\"2026-04-05T10:18:09+00:00\",\"breadcrumb\":{\"@id\":\"https:\\\/\\\/oio-vivo.com\\\/de\\\/produkt\\\/bon\\\/#breadcrumb\"},\"inLanguage\":\"de\",\"potentialAction\":[{\"@type\":\"ReadAction\",\"target\":[\"https:\\\/\\\/oio-vivo.com\\\/de\\\/produkt\\\/bon\\\/\"]}]},{\"@type\":\"ImageObject\",\"inLanguage\":\"de\",\"@id\":\"https:\\\/\\\/oio-vivo.com\\\/de\\\/produkt\\\/bon\\\/#primaryimage\",\"url\":\"https:\\\/\\\/i0.wp.com\\\/oio-vivo.com\\\/wp-content\\\/uploads\\\/2021\\\/02\\\/Bon-3.png?fit=432%2C1000&ssl=1\",\"contentUrl\":\"https:\\\/\\\/i0.wp.com\\\/oio-vivo.com\\\/wp-content\\\/uploads\\\/2021\\\/02\\\/Bon-3.png?fit=432%2C1000&ssl=1\",\"width\":432,\"height\":1000},{\"@type\":\"BreadcrumbList\",\"@id\":\"https:\\\/\\\/oio-vivo.com\\\/de\\\/produkt\\\/bon\\\/#breadcrumb\",\"itemListElement\":[{\"@type\":\"ListItem\",\"position\":1,\"name\":\"Po\u010detna stranica\",\"item\":\"https:\\\/\\\/oio-vivo.com\\\/de\\\/\"},{\"@type\":\"ListItem\",\"position\":2,\"name\":\"Shop\",\"item\":\"https:\\\/\\\/oio-vivo.com\\\/de\\\/shop\\\/\"},{\"@type\":\"ListItem\",\"position\":3,\"name\":\"B\u00f2n\"}]},{\"@type\":\"WebSite\",\"@id\":\"https:\\\/\\\/oio-vivo.com\\\/#website\",\"url\":\"https:\\\/\\\/oio-vivo.com\\\/\",\"name\":\"Oio Vivo\",\"description\":\"\",\"publisher\":{\"@id\":\"https:\\\/\\\/oio-vivo.com\\\/#organization\"},\"potentialAction\":[{\"@type\":\"SearchAction\",\"target\":{\"@type\":\"EntryPoint\",\"urlTemplate\":\"https:\\\/\\\/oio-vivo.com\\\/?s={search_term_string}\"},\"query-input\":{\"@type\":\"PropertyValueSpecification\",\"valueRequired\":true,\"valueName\":\"search_term_string\"}}],\"inLanguage\":\"de\"},{\"@type\":\"Organization\",\"@id\":\"https:\\\/\\\/oio-vivo.com\\\/#organization\",\"name\":\"Oio Vivo\",\"url\":\"https:\\\/\\\/oio-vivo.com\\\/\",\"logo\":{\"@type\":\"ImageObject\",\"inLanguage\":\"de\",\"@id\":\"https:\\\/\\\/oio-vivo.com\\\/#\\\/schema\\\/logo\\\/image\\\/\",\"url\":\"https:\\\/\\\/i0.wp.com\\\/oio-vivo.com\\\/wp-content\\\/uploads\\\/2020\\\/10\\\/logo.png?fit=185%2C58&ssl=1\",\"contentUrl\":\"https:\\\/\\\/i0.wp.com\\\/oio-vivo.com\\\/wp-content\\\/uploads\\\/2020\\\/10\\\/logo.png?fit=185%2C58&ssl=1\",\"width\":185,\"height\":58,\"caption\":\"Oio Vivo\"},\"image\":{\"@id\":\"https:\\\/\\\/oio-vivo.com\\\/#\\\/schema\\\/logo\\\/image\\\/\"}}]}<\/script>\n<!-- \/ Yoast SEO plugin. -->","yoast_head_json":{"title":"B\u00f2n - Oio Vivo","robots":{"index":"index","follow":"follow","max-snippet":"max-snippet:-1","max-image-preview":"max-image-preview:large","max-video-preview":"max-video-preview:-1"},"canonical":"https:\/\/oio-vivo.com\/de\/produkt\/bon\/","og_locale":"de_DE","og_type":"article","og_title":"B\u00f2n - Oio Vivo","og_description":"Da wertvolle \u00d6le mit einem erh\u00f6hten Gehalt an Phenolstoffe h\u00e4ufig durch einen w\u00fcrzigen und bitteren Geschmack gekennzeichnet sind, erhalten wir durch sorgf\u00e4ltiges Mischen milderer und intensiverer \u00d6lsorten ein \u00d6l mit hervorragenden Ern\u00e4hrungseigenschaften, aber einem milden, trinkbaren Geschmack f\u00fcr anspruchsvolle Gaumen. So entsteht B\u00f2n, ein klares, frisches \u00d6l, intensiv gr\u00fcnliche Farbe, das an frisch gem\u00e4htes Fr\u00fchlingsgras erinnert, mit einem ausgepr\u00e4gten fruchtigen Duft, milder Bitterkeit und Sch\u00e4rfe. UPerfektioniert jeden sommerfrische Salat oder Fisch. Farbe: Intensives frisches Gr\u00fcn Serviervorschlag: Passt gut zu frischen Salaten, frischem Gem\u00fcse, Fisch, jungem K\u00e4se und einer Vielzahl von Tapas.","og_url":"https:\/\/oio-vivo.com\/de\/produkt\/bon\/","og_site_name":"Oio Vivo","article_modified_time":"2026-04-05T10:18:09+00:00","og_image":[{"width":432,"height":1000,"url":"https:\/\/oio-vivo.com\/wp-content\/uploads\/2021\/02\/Bon-3.png","type":"image\/png"}],"twitter_card":"summary_large_image","twitter_misc":{"Gesch\u00e4tzte Lesezeit":"1\u00a0Minute"},"schema":{"@context":"https:\/\/schema.org","@graph":[{"@type":"WebPage","@id":"https:\/\/oio-vivo.com\/de\/produkt\/bon\/","url":"https:\/\/oio-vivo.com\/de\/produkt\/bon\/","name":"B\u00f2n - Oio Vivo","isPartOf":{"@id":"https:\/\/oio-vivo.com\/#website"},"primaryImageOfPage":{"@id":"https:\/\/oio-vivo.com\/de\/produkt\/bon\/#primaryimage"},"image":{"@id":"https:\/\/oio-vivo.com\/de\/produkt\/bon\/#primaryimage"},"thumbnailUrl":"https:\/\/i0.wp.com\/oio-vivo.com\/wp-content\/uploads\/2021\/02\/Bon-3.png?fit=432%2C1000&ssl=1","datePublished":"2021-02-16T09:16:02+00:00","dateModified":"2026-04-05T10:18:09+00:00","breadcrumb":{"@id":"https:\/\/oio-vivo.com\/de\/produkt\/bon\/#breadcrumb"},"inLanguage":"de","potentialAction":[{"@type":"ReadAction","target":["https:\/\/oio-vivo.com\/de\/produkt\/bon\/"]}]},{"@type":"ImageObject","inLanguage":"de","@id":"https:\/\/oio-vivo.com\/de\/produkt\/bon\/#primaryimage","url":"https:\/\/i0.wp.com\/oio-vivo.com\/wp-content\/uploads\/2021\/02\/Bon-3.png?fit=432%2C1000&ssl=1","contentUrl":"https:\/\/i0.wp.com\/oio-vivo.com\/wp-content\/uploads\/2021\/02\/Bon-3.png?fit=432%2C1000&ssl=1","width":432,"height":1000},{"@type":"BreadcrumbList","@id":"https:\/\/oio-vivo.com\/de\/produkt\/bon\/#breadcrumb","itemListElement":[{"@type":"ListItem","position":1,"name":"Po\u010detna stranica","item":"https:\/\/oio-vivo.com\/de\/"},{"@type":"ListItem","position":2,"name":"Shop","item":"https:\/\/oio-vivo.com\/de\/shop\/"},{"@type":"ListItem","position":3,"name":"B\u00f2n"}]},{"@type":"WebSite","@id":"https:\/\/oio-vivo.com\/#website","url":"https:\/\/oio-vivo.com\/","name":"Oio Vivo","description":"","publisher":{"@id":"https:\/\/oio-vivo.com\/#organization"},"potentialAction":[{"@type":"SearchAction","target":{"@type":"EntryPoint","urlTemplate":"https:\/\/oio-vivo.com\/?s={search_term_string}"},"query-input":{"@type":"PropertyValueSpecification","valueRequired":true,"valueName":"search_term_string"}}],"inLanguage":"de"},{"@type":"Organization","@id":"https:\/\/oio-vivo.com\/#organization","name":"Oio Vivo","url":"https:\/\/oio-vivo.com\/","logo":{"@type":"ImageObject","inLanguage":"de","@id":"https:\/\/oio-vivo.com\/#\/schema\/logo\/image\/","url":"https:\/\/i0.wp.com\/oio-vivo.com\/wp-content\/uploads\/2020\/10\/logo.png?fit=185%2C58&ssl=1","contentUrl":"https:\/\/i0.wp.com\/oio-vivo.com\/wp-content\/uploads\/2020\/10\/logo.png?fit=185%2C58&ssl=1","width":185,"height":58,"caption":"Oio Vivo"},"image":{"@id":"https:\/\/oio-vivo.com\/#\/schema\/logo\/image\/"}}]}},"jetpack_sharing_enabled":true,"_links":{"self":[{"href":"https:\/\/oio-vivo.com\/de\/wp-json\/wp\/v2\/product\/4596","targetHints":{"allow":["GET"]}}],"collection":[{"href":"https:\/\/oio-vivo.com\/de\/wp-json\/wp\/v2\/product"}],"about":[{"href":"https:\/\/oio-vivo.com\/de\/wp-json\/wp\/v2\/types\/product"}],"replies":[{"embeddable":true,"href":"https:\/\/oio-vivo.com\/de\/wp-json\/wp\/v2\/comments?post=4596"}],"wp:featuredmedia":[{"embeddable":true,"href":"https:\/\/oio-vivo.com\/de\/wp-json\/wp\/v2\/media\/10380"}],"wp:attachment":[{"href":"https:\/\/oio-vivo.com\/de\/wp-json\/wp\/v2\/media?parent=4596"}],"wp:term":[{"taxonomy":"product_brand","embeddable":true,"href":"https:\/\/oio-vivo.com\/de\/wp-json\/wp\/v2\/product_brand?post=4596"},{"taxonomy":"product_cat","embeddable":true,"href":"https:\/\/oio-vivo.com\/de\/wp-json\/wp\/v2\/product_cat?post=4596"},{"taxonomy":"product_tag","embeddable":true,"href":"https:\/\/oio-vivo.com\/de\/wp-json\/wp\/v2\/product_tag?post=4596"}],"curies":[{"name":"wp","href":"https:\/\/api.w.org\/{rel}","templated":true}]}}