{"id":4599,"date":"2021-02-16T09:02:16","date_gmt":"2021-02-16T09:02:16","guid":{"rendered":"https:\/\/oio-vivo.com\/proizvod\/vodnjanska-buza\/"},"modified":"2026-02-16T10:16:01","modified_gmt":"2026-02-16T09:16:01","slug":"vodnjanska-buza","status":"publish","type":"product","link":"https:\/\/oio-vivo.com\/de\/produkt\/vodnjanska-buza\/","title":{"rendered":"Vodnjanska Buza"},"content":{"rendered":"<p>Bu\u017ea ist eine \u00d6lsorte mittlerer Fruchtgeschmack mit Aromen von Mandeln und aromatischen Kr\u00e4utern. Dickeres klares \u00d6l mit sch\u00f6ner gelblicher Honigfarbe, gekennzeichnet durch ausgewogene Bitterkeit und W\u00fcrzigkeit mit einer Note von Zitrusfr\u00fcchten. Es passt gut zu fast allen Gerichten!<\/p>\n<p>Sehr ausgewogenes Frucht\u00f6l mit seinem besonders volleren, aber neutralen Aroma mischt sich gut mit allen Lebensmitteln.<\/p>\n<p>Farbe: Honiggold<\/p>\n<p>Serviervorschlag: Passt zu allen Gerichten, von saisonalen Salaten bis hin zu H\u00e4hnchen. Unsere Lieblingskombination ist Omelett mit aromatischen Kr\u00e4utern und frischem H\u00fcttenk\u00e4se und Tomaten.<\/p>\n","protected":false},"excerpt":{"rendered":"<p>Bu\u017ea ist eine \u00d6lsorte mittlerer Fruchtgeschmack mit Aromen von Mandeln und aromatischen Kr\u00e4utern. Dickeres klares \u00d6l mit sch\u00f6ner gelblicher Honigfarbe, gekennzeichnet durch ausgewogene Bitterkeit und W\u00fcrzigkeit mit einer Note von Zitrusfr\u00fcchten. Es passt gut zu fast allen Gerichten!<\/p>\n<p>Sehr ausgewogenes Frucht\u00f6l mit seinem besonders volleren, aber neutralen Aroma mischt sich gut mit allen Lebensmitteln.<\/p>\n<p>Farbe: Honiggold<\/p>\n<p>Serviervorschlag: Passt zu allen Gerichten, von saisonalen Salaten bis hin zu H\u00e4hnchen. Unsere Lieblingskombination ist Omelett mit aromatischen Kr\u00e4utern und frischem H\u00fcttenk\u00e4se und Tomaten.<\/p>\n","protected":false},"featured_media":10383,"comment_status":"open","ping_status":"closed","template":"","meta":[],"product_brand":[],"product_cat":[49],"product_tag":[],"class_list":{"0":"post-4599","1":"product","2":"type-product","3":"status-publish","4":"has-post-thumbnail","6":"product_cat-ol","8":"first","9":"instock","10":"taxable","11":"shipping-taxable","12":"purchasable","13":"product-type-variable"},"group_of_quantity":0,"min_quantity":0,"max_quantity":"","exclude_order_quantity_value_rules":"no","exclude_category_quantity_rules":"no","combine_variations":"no","yoast_head":"<!-- This site is optimized with the Yoast SEO plugin v27.5 - https:\/\/yoast.com\/product\/yoast-seo-wordpress\/ -->\n<title>Vodnjanska Buza - Oio Vivo<\/title>\n<meta name=\"robots\" content=\"index, follow, max-snippet:-1, max-image-preview:large, max-video-preview:-1\" \/>\n<link rel=\"canonical\" href=\"https:\/\/oio-vivo.com\/de\/produkt\/vodnjanska-buza\/\" \/>\n<meta property=\"og:locale\" content=\"de_DE\" \/>\n<meta property=\"og:type\" content=\"article\" \/>\n<meta property=\"og:title\" content=\"Vodnjanska Buza - Oio Vivo\" \/>\n<meta property=\"og:description\" content=\"Bu\u017ea ist eine \u00d6lsorte mittlerer Fruchtgeschmack mit Aromen von Mandeln und aromatischen Kr\u00e4utern. Dickeres klares \u00d6l mit sch\u00f6ner gelblicher Honigfarbe, gekennzeichnet durch ausgewogene Bitterkeit und W\u00fcrzigkeit mit einer Note von Zitrusfr\u00fcchten. Es passt gut zu fast allen Gerichten! Sehr ausgewogenes Frucht\u00f6l mit seinem besonders volleren, aber neutralen Aroma mischt sich gut mit allen Lebensmitteln. Farbe: Honiggold Serviervorschlag: Passt zu allen Gerichten, von saisonalen Salaten bis hin zu H\u00e4hnchen. Unsere Lieblingskombination ist Omelett mit aromatischen Kr\u00e4utern und frischem H\u00fcttenk\u00e4se und Tomaten.\" \/>\n<meta property=\"og:url\" content=\"https:\/\/oio-vivo.com\/de\/produkt\/vodnjanska-buza\/\" \/>\n<meta property=\"og:site_name\" content=\"Oio Vivo\" \/>\n<meta property=\"article:modified_time\" content=\"2026-02-16T09:16:01+00:00\" \/>\n<meta property=\"og:image\" content=\"https:\/\/oio-vivo.com\/wp-content\/uploads\/2021\/02\/vb-kartica-2.png\" \/>\n\t<meta property=\"og:image:width\" content=\"432\" \/>\n\t<meta property=\"og:image:height\" content=\"1000\" \/>\n\t<meta property=\"og:image:type\" content=\"image\/png\" \/>\n<meta name=\"twitter:card\" content=\"summary_large_image\" \/>\n<script type=\"application\/ld+json\" class=\"yoast-schema-graph\">{\"@context\":\"https:\\\/\\\/schema.org\",\"@graph\":[{\"@type\":\"WebPage\",\"@id\":\"https:\\\/\\\/oio-vivo.com\\\/de\\\/produkt\\\/vodnjanska-buza\\\/\",\"url\":\"https:\\\/\\\/oio-vivo.com\\\/de\\\/produkt\\\/vodnjanska-buza\\\/\",\"name\":\"Vodnjanska Buza - Oio Vivo\",\"isPartOf\":{\"@id\":\"https:\\\/\\\/oio-vivo.com\\\/#website\"},\"primaryImageOfPage\":{\"@id\":\"https:\\\/\\\/oio-vivo.com\\\/de\\\/produkt\\\/vodnjanska-buza\\\/#primaryimage\"},\"image\":{\"@id\":\"https:\\\/\\\/oio-vivo.com\\\/de\\\/produkt\\\/vodnjanska-buza\\\/#primaryimage\"},\"thumbnailUrl\":\"https:\\\/\\\/i0.wp.com\\\/oio-vivo.com\\\/wp-content\\\/uploads\\\/2021\\\/02\\\/vb-kartica-2.png?fit=432%2C1000&ssl=1\",\"datePublished\":\"2021-02-16T09:02:16+00:00\",\"dateModified\":\"2026-02-16T09:16:01+00:00\",\"breadcrumb\":{\"@id\":\"https:\\\/\\\/oio-vivo.com\\\/de\\\/produkt\\\/vodnjanska-buza\\\/#breadcrumb\"},\"inLanguage\":\"de\",\"potentialAction\":[{\"@type\":\"ReadAction\",\"target\":[\"https:\\\/\\\/oio-vivo.com\\\/de\\\/produkt\\\/vodnjanska-buza\\\/\"]}]},{\"@type\":\"ImageObject\",\"inLanguage\":\"de\",\"@id\":\"https:\\\/\\\/oio-vivo.com\\\/de\\\/produkt\\\/vodnjanska-buza\\\/#primaryimage\",\"url\":\"https:\\\/\\\/i0.wp.com\\\/oio-vivo.com\\\/wp-content\\\/uploads\\\/2021\\\/02\\\/vb-kartica-2.png?fit=432%2C1000&ssl=1\",\"contentUrl\":\"https:\\\/\\\/i0.wp.com\\\/oio-vivo.com\\\/wp-content\\\/uploads\\\/2021\\\/02\\\/vb-kartica-2.png?fit=432%2C1000&ssl=1\",\"width\":432,\"height\":1000},{\"@type\":\"BreadcrumbList\",\"@id\":\"https:\\\/\\\/oio-vivo.com\\\/de\\\/produkt\\\/vodnjanska-buza\\\/#breadcrumb\",\"itemListElement\":[{\"@type\":\"ListItem\",\"position\":1,\"name\":\"Po\u010detna stranica\",\"item\":\"https:\\\/\\\/oio-vivo.com\\\/de\\\/\"},{\"@type\":\"ListItem\",\"position\":2,\"name\":\"Shop\",\"item\":\"https:\\\/\\\/oio-vivo.com\\\/de\\\/shop\\\/\"},{\"@type\":\"ListItem\",\"position\":3,\"name\":\"Vodnjanska Buza\"}]},{\"@type\":\"WebSite\",\"@id\":\"https:\\\/\\\/oio-vivo.com\\\/#website\",\"url\":\"https:\\\/\\\/oio-vivo.com\\\/\",\"name\":\"Oio Vivo\",\"description\":\"\",\"publisher\":{\"@id\":\"https:\\\/\\\/oio-vivo.com\\\/#organization\"},\"potentialAction\":[{\"@type\":\"SearchAction\",\"target\":{\"@type\":\"EntryPoint\",\"urlTemplate\":\"https:\\\/\\\/oio-vivo.com\\\/?s={search_term_string}\"},\"query-input\":{\"@type\":\"PropertyValueSpecification\",\"valueRequired\":true,\"valueName\":\"search_term_string\"}}],\"inLanguage\":\"de\"},{\"@type\":\"Organization\",\"@id\":\"https:\\\/\\\/oio-vivo.com\\\/#organization\",\"name\":\"Oio Vivo\",\"url\":\"https:\\\/\\\/oio-vivo.com\\\/\",\"logo\":{\"@type\":\"ImageObject\",\"inLanguage\":\"de\",\"@id\":\"https:\\\/\\\/oio-vivo.com\\\/#\\\/schema\\\/logo\\\/image\\\/\",\"url\":\"https:\\\/\\\/i0.wp.com\\\/oio-vivo.com\\\/wp-content\\\/uploads\\\/2020\\\/10\\\/logo.png?fit=185%2C58&ssl=1\",\"contentUrl\":\"https:\\\/\\\/i0.wp.com\\\/oio-vivo.com\\\/wp-content\\\/uploads\\\/2020\\\/10\\\/logo.png?fit=185%2C58&ssl=1\",\"width\":185,\"height\":58,\"caption\":\"Oio Vivo\"},\"image\":{\"@id\":\"https:\\\/\\\/oio-vivo.com\\\/#\\\/schema\\\/logo\\\/image\\\/\"}}]}<\/script>\n<!-- \/ Yoast SEO plugin. -->","yoast_head_json":{"title":"Vodnjanska Buza - Oio Vivo","robots":{"index":"index","follow":"follow","max-snippet":"max-snippet:-1","max-image-preview":"max-image-preview:large","max-video-preview":"max-video-preview:-1"},"canonical":"https:\/\/oio-vivo.com\/de\/produkt\/vodnjanska-buza\/","og_locale":"de_DE","og_type":"article","og_title":"Vodnjanska Buza - Oio Vivo","og_description":"Bu\u017ea ist eine \u00d6lsorte mittlerer Fruchtgeschmack mit Aromen von Mandeln und aromatischen Kr\u00e4utern. Dickeres klares \u00d6l mit sch\u00f6ner gelblicher Honigfarbe, gekennzeichnet durch ausgewogene Bitterkeit und W\u00fcrzigkeit mit einer Note von Zitrusfr\u00fcchten. Es passt gut zu fast allen Gerichten! Sehr ausgewogenes Frucht\u00f6l mit seinem besonders volleren, aber neutralen Aroma mischt sich gut mit allen Lebensmitteln. Farbe: Honiggold Serviervorschlag: Passt zu allen Gerichten, von saisonalen Salaten bis hin zu H\u00e4hnchen. Unsere Lieblingskombination ist Omelett mit aromatischen Kr\u00e4utern und frischem H\u00fcttenk\u00e4se und Tomaten.","og_url":"https:\/\/oio-vivo.com\/de\/produkt\/vodnjanska-buza\/","og_site_name":"Oio Vivo","article_modified_time":"2026-02-16T09:16:01+00:00","og_image":[{"width":432,"height":1000,"url":"https:\/\/oio-vivo.com\/wp-content\/uploads\/2021\/02\/vb-kartica-2.png","type":"image\/png"}],"twitter_card":"summary_large_image","schema":{"@context":"https:\/\/schema.org","@graph":[{"@type":"WebPage","@id":"https:\/\/oio-vivo.com\/de\/produkt\/vodnjanska-buza\/","url":"https:\/\/oio-vivo.com\/de\/produkt\/vodnjanska-buza\/","name":"Vodnjanska Buza - Oio Vivo","isPartOf":{"@id":"https:\/\/oio-vivo.com\/#website"},"primaryImageOfPage":{"@id":"https:\/\/oio-vivo.com\/de\/produkt\/vodnjanska-buza\/#primaryimage"},"image":{"@id":"https:\/\/oio-vivo.com\/de\/produkt\/vodnjanska-buza\/#primaryimage"},"thumbnailUrl":"https:\/\/i0.wp.com\/oio-vivo.com\/wp-content\/uploads\/2021\/02\/vb-kartica-2.png?fit=432%2C1000&ssl=1","datePublished":"2021-02-16T09:02:16+00:00","dateModified":"2026-02-16T09:16:01+00:00","breadcrumb":{"@id":"https:\/\/oio-vivo.com\/de\/produkt\/vodnjanska-buza\/#breadcrumb"},"inLanguage":"de","potentialAction":[{"@type":"ReadAction","target":["https:\/\/oio-vivo.com\/de\/produkt\/vodnjanska-buza\/"]}]},{"@type":"ImageObject","inLanguage":"de","@id":"https:\/\/oio-vivo.com\/de\/produkt\/vodnjanska-buza\/#primaryimage","url":"https:\/\/i0.wp.com\/oio-vivo.com\/wp-content\/uploads\/2021\/02\/vb-kartica-2.png?fit=432%2C1000&ssl=1","contentUrl":"https:\/\/i0.wp.com\/oio-vivo.com\/wp-content\/uploads\/2021\/02\/vb-kartica-2.png?fit=432%2C1000&ssl=1","width":432,"height":1000},{"@type":"BreadcrumbList","@id":"https:\/\/oio-vivo.com\/de\/produkt\/vodnjanska-buza\/#breadcrumb","itemListElement":[{"@type":"ListItem","position":1,"name":"Po\u010detna stranica","item":"https:\/\/oio-vivo.com\/de\/"},{"@type":"ListItem","position":2,"name":"Shop","item":"https:\/\/oio-vivo.com\/de\/shop\/"},{"@type":"ListItem","position":3,"name":"Vodnjanska Buza"}]},{"@type":"WebSite","@id":"https:\/\/oio-vivo.com\/#website","url":"https:\/\/oio-vivo.com\/","name":"Oio Vivo","description":"","publisher":{"@id":"https:\/\/oio-vivo.com\/#organization"},"potentialAction":[{"@type":"SearchAction","target":{"@type":"EntryPoint","urlTemplate":"https:\/\/oio-vivo.com\/?s={search_term_string}"},"query-input":{"@type":"PropertyValueSpecification","valueRequired":true,"valueName":"search_term_string"}}],"inLanguage":"de"},{"@type":"Organization","@id":"https:\/\/oio-vivo.com\/#organization","name":"Oio Vivo","url":"https:\/\/oio-vivo.com\/","logo":{"@type":"ImageObject","inLanguage":"de","@id":"https:\/\/oio-vivo.com\/#\/schema\/logo\/image\/","url":"https:\/\/i0.wp.com\/oio-vivo.com\/wp-content\/uploads\/2020\/10\/logo.png?fit=185%2C58&ssl=1","contentUrl":"https:\/\/i0.wp.com\/oio-vivo.com\/wp-content\/uploads\/2020\/10\/logo.png?fit=185%2C58&ssl=1","width":185,"height":58,"caption":"Oio Vivo"},"image":{"@id":"https:\/\/oio-vivo.com\/#\/schema\/logo\/image\/"}}]}},"jetpack_sharing_enabled":true,"_links":{"self":[{"href":"https:\/\/oio-vivo.com\/de\/wp-json\/wp\/v2\/product\/4599","targetHints":{"allow":["GET"]}}],"collection":[{"href":"https:\/\/oio-vivo.com\/de\/wp-json\/wp\/v2\/product"}],"about":[{"href":"https:\/\/oio-vivo.com\/de\/wp-json\/wp\/v2\/types\/product"}],"replies":[{"embeddable":true,"href":"https:\/\/oio-vivo.com\/de\/wp-json\/wp\/v2\/comments?post=4599"}],"wp:featuredmedia":[{"embeddable":true,"href":"https:\/\/oio-vivo.com\/de\/wp-json\/wp\/v2\/media\/10383"}],"wp:attachment":[{"href":"https:\/\/oio-vivo.com\/de\/wp-json\/wp\/v2\/media?parent=4599"}],"wp:term":[{"taxonomy":"product_brand","embeddable":true,"href":"https:\/\/oio-vivo.com\/de\/wp-json\/wp\/v2\/product_brand?post=4599"},{"taxonomy":"product_cat","embeddable":true,"href":"https:\/\/oio-vivo.com\/de\/wp-json\/wp\/v2\/product_cat?post=4599"},{"taxonomy":"product_tag","embeddable":true,"href":"https:\/\/oio-vivo.com\/de\/wp-json\/wp\/v2\/product_tag?post=4599"}],"curies":[{"name":"wp","href":"https:\/\/api.w.org\/{rel}","templated":true}]}}